{"id":19601,"date":"2026-05-15T19:00:19","date_gmt":"2026-05-15T17:00:19","guid":{"rendered":"https:\/\/www.weinlandhof.at\/?page_id=19601"},"modified":"2026-05-15T19:23:20","modified_gmt":"2026-05-15T17:23:20","slug":"sitemap","status":"publish","type":"page","link":"https:\/\/www.weinlandhof.at\/en\/sitemap\/","title":{"rendered":"Sitemap"},"content":{"rendered":"<div data-elementor-type=\"wp-page\" data-elementor-id=\"19601\" class=\"elementor elementor-19601\" data-elementor-post-type=\"page\">\n\t\t\t\t\t\t<section class=\"elementor-section elementor-top-section elementor-element elementor-element-4de8d491 elementor-section-boxed elementor-section-height-default elementor-section-height-default\" data-id=\"4de8d491\" data-element_type=\"section\" data-e-type=\"section\" data-settings=\"{&quot;hoteller_ext_is_background_parallax&quot;:&quot;false&quot;,&quot;hoteller_ext_is_background_backdrop&quot;:&quot;false&quot;,&quot;hoteller_ext_is_background_on_scroll&quot;:&quot;false&quot;}\">\n\t\t\t\t\t\t<div class=\"elementor-container elementor-column-gap-default\">\n\t\t\t\t\t<div class=\"elementor-column elementor-col-100 elementor-top-column elementor-element elementor-element-6da32d81\" data-id=\"6da32d81\" data-element_type=\"column\" data-e-type=\"column\" data-settings=\"{&quot;hoteller_ext_link_sidemenu&quot;:&quot;false&quot;,&quot;hoteller_ext_link_fullmenu&quot;:&quot;false&quot;,&quot;hoteller_ext_link_closed_fullmenu&quot;:&quot;false&quot;,&quot;hoteller_ext_is_scrollme&quot;:&quot;false&quot;,&quot;hoteller_ext_is_smoove&quot;:&quot;false&quot;,&quot;hoteller_ext_is_parallax_mouse&quot;:&quot;false&quot;,&quot;hoteller_ext_is_infinite&quot;:&quot;false&quot;,&quot;hoteller_ext_is_fadeout_animation&quot;:&quot;false&quot;,&quot;hoteller_ext_mobile_static&quot;:&quot;false&quot;}\">\n\t\t\t<div class=\"elementor-widget-wrap elementor-element-populated\">\n\t\t\t\t\t\t<div class=\"elementor-element elementor-element-29ba7bc3 elementor-widget elementor-widget-text-editor\" data-id=\"29ba7bc3\" data-element_type=\"widget\" data-e-type=\"widget\" data-settings=\"{&quot;hoteller_ext_link_sidemenu&quot;:&quot;false&quot;,&quot;hoteller_ext_link_fullmenu&quot;:&quot;false&quot;,&quot;hoteller_ext_link_closed_fullmenu&quot;:&quot;false&quot;,&quot;hoteller_ext_is_scrollme&quot;:&quot;false&quot;,&quot;hoteller_ext_is_smoove&quot;:&quot;false&quot;,&quot;hoteller_ext_is_parallax_mouse&quot;:&quot;false&quot;,&quot;hoteller_ext_is_infinite&quot;:&quot;false&quot;,&quot;hoteller_ext_is_fadeout_animation&quot;:&quot;false&quot;,&quot;hoteller_ext_mobile_static&quot;:&quot;false&quot;}\" data-widget_type=\"text-editor.default\">\n\t\t\t\t<div class=\"elementor-widget-container\">\n\t\t\t\t\t\t\t\t\t<p><!-- \/wp:heading --><!-- wp:paragraph --><\/p>\n<p><strong><div class=\"wsp-container\"><h2 class=\"wsp-pages-title\">Pages<\/h2>\n<ul class=\"wsp-pages-list\">\n<li class=\"page_item page-item-14569\"><a href=\"https:\/\/www.weinlandhof.at\/en\/aktivitaeten\/\">Activities<\/a><\/li>\n<li class=\"page_item page-item-14867\"><a href=\"https:\/\/www.weinlandhof.at\/en\/agbs\/\">Allgemeine Gesch\u00e4ftsbedingungen<\/a><\/li>\n<li class=\"page_item page-item-16331\"><a href=\"https:\/\/www.weinlandhof.at\/en\/gravel-extravaganza\/\">Ausrollen<\/a><\/li>\n<li class=\"page_item page-item-19355\"><a href=\"https:\/\/www.weinlandhof.at\/en\/barrierefreiheit\/\">Barrierefreiheit<\/a><\/li>\n<li class=\"page_item page-item-15562\"><a href=\"https:\/\/www.weinlandhof.at\/en\/besondere-events\/\">Besondere Events<\/a><\/li>\n<li class=\"page_item page-item-14058\"><a href=\"https:\/\/www.weinlandhof.at\/en\/blog\/\">Blog<\/a><\/li>\n<li class=\"page_item page-item-17232 current_page_parent\"><a href=\"https:\/\/www.weinlandhof.at\/en\/blog-standard-nicht-verwendet\/\">Blog standard &#8211; nicht verwendet<\/a><\/li>\n<li class=\"page_item page-item-19431\"><a href=\"https:\/\/www.weinlandhof.at\/en\/body-flow-retreat-2\/\">Body Flow Retreat<\/a><\/li>\n<li class=\"page_item page-item-15753\"><a href=\"https:\/\/www.weinlandhof.at\/en\/buchung\/\">Book now<\/a><\/li>\n<li class=\"page_item page-item-14729\"><a href=\"https:\/\/www.weinlandhof.at\/en\/buschenschank\/\">Buschenschank<\/a><\/li>\n<li class=\"page_item page-item-19549\"><a href=\"https:\/\/www.weinlandhof.at\/en\/coaching-fuer-fuehrungskraefte\/\">Coaching f\u00fcr F\u00fchrungskr\u00e4fte in Gamlitz<\/a><\/li>\n<li class=\"page_item page-item-14877\"><a href=\"https:\/\/www.weinlandhof.at\/en\/cookie-richtlinie-eu\/\">Cookie-Richtlinie (EU)<\/a><\/li>\n<li class=\"page_item page-item-14863\"><a href=\"https:\/\/www.weinlandhof.at\/en\/datenschutz\/\">Datenschutzerkl\u00e4rung<\/a><\/li>\n<li class=\"page_item page-item-15543\"><a href=\"https:\/\/www.weinlandhof.at\/en\/ebike-urlaub\/\">E-Bike Holiday in Southern Styria<\/a><\/li>\n<li class=\"page_item page-item-15919\"><a href=\"https:\/\/www.weinlandhof.at\/en\/gamlitzer-weinlesefest\/\">Gamlitz Grape Harvest Festival<\/a><\/li>\n<li class=\"page_item page-item-14881\"><a href=\"https:\/\/www.weinlandhof.at\/en\/gutscheine\/\">Gutscheine<\/a><\/li>\n<li class=\"page_item page-item-15764\"><a href=\"https:\/\/www.weinlandhof.at\/en\/hoflaeden-shops\/\">Hofl\u00e4den &#038; Shops in Gamlitz<\/a><\/li>\n<li class=\"page_item page-item-14258\"><a href=\"https:\/\/www.weinlandhof.at\/en\/hotel\/\">Hotel<\/a><\/li>\n<li class=\"page_item page-item-14873\"><a href=\"https:\/\/www.weinlandhof.at\/en\/impressum\/\">Impressum<\/a><\/li>\n<li class=\"page_item page-item-15441\"><a href=\"https:\/\/www.weinlandhof.at\/en\/junkerverkostung\/\">Junkerverkostung<\/a><\/li>\n<li class=\"page_item page-item-17801\"><a href=\"https:\/\/www.weinlandhof.at\/en\/job-karriere\/\">Karriere<\/a><\/li>\n<li class=\"page_item page-item-704\"><a href=\"https:\/\/www.weinlandhof.at\/en\/kontakt\/\">Contact<\/a><\/li>\n<li class=\"page_item page-item-15480\"><a href=\"https:\/\/www.weinlandhof.at\/en\/motorikpark-gamlitz\/\">Motor Activity Park<\/a><\/li>\n<li class=\"page_item page-item-19457\"><a href=\"https:\/\/www.weinlandhof.at\/en\/ostern-paket-weinlandhof\/\">Ostern im Weinlandhof<\/a><\/li>\n<li class=\"page_item page-item-14388\"><a href=\"https:\/\/www.weinlandhof.at\/en\/pauschalangebote\/\">Our Package Deals<\/a><\/li>\n<li class=\"page_item page-item-15501\"><a href=\"https:\/\/www.weinlandhof.at\/en\/rennrad-urlaub\/\">Road Bike Holidays in South Styria<\/a><\/li>\n<li class=\"page_item page-item-543\"><a href=\"https:\/\/www.weinlandhof.at\/en\/restaurant\/\">At our Restaurant<\/a><\/li>\n<li class=\"page_item page-item-14362\"><a href=\"https:\/\/www.weinlandhof.at\/en\/seminare\/\">Seminars<\/a><\/li>\n<li class=\"page_item page-item-19601\"><a href=\"https:\/\/www.weinlandhof.at\/en\/sitemap\/\">Sitemap<\/a><\/li>\n<li class=\"page_item page-item-15713\"><a href=\"https:\/\/www.weinlandhof.at\/en\/tag-der-offenen-kellertuer\/\">Tag der offenen Kellert\u00fcr<\/a><\/li>\n<li class=\"page_item page-item-14903\"><a href=\"https:\/\/www.weinlandhof.at\/en\/tennis\/\">Tennis<\/a><\/li>\n<li class=\"page_item page-item-684\"><a href=\"https:\/\/www.weinlandhof.at\/en\/ueberuns\/\">About us<\/a><\/li>\n<li class=\"page_item page-item-18366\"><a href=\"https:\/\/www.weinlandhof.at\/en\/umbau\/\">Umbau<\/a><\/li>\n<li class=\"page_item page-item-15697\"><a href=\"https:\/\/www.weinlandhof.at\/en\/weinbluetenfest\/\">Weinbl\u00fctenfest Gamlitz<\/a><\/li>\n<li class=\"page_item page-item-15413\"><a href=\"https:\/\/www.weinlandhof.at\/en\/weinerlebnisfuehrung\/\">Wine Experience Tour<\/a><\/li>\n<li class=\"page_item page-item-187\"><a href=\"https:\/\/www.weinlandhof.at\/en\/\">Weinlandhof Hotel &#038; Restaurant<\/a><\/li>\n<li class=\"page_item page-item-14500\"><a href=\"https:\/\/www.weinlandhof.at\/en\/wellness\/\">Wellness<\/a><\/li>\n<li class=\"page_item page-item-17722\"><a href=\"https:\/\/www.weinlandhof.at\/en\/woamfoahn-programm\/\">Woamfoahn &#8211; Das Programm<\/a><\/li>\n<li class=\"page_item page-item-15594\"><a href=\"https:\/\/www.weinlandhof.at\/en\/woamfoahn-rennradauftakt\/\">Woamfoahn<\/a><\/li>\n<li class=\"page_item page-item-14524\"><a href=\"https:\/\/www.weinlandhof.at\/en\/wohlfuehlgarten\/\">Garden<\/a><\/li>\n<li class=\"page_item page-item-404\"><a href=\"https:\/\/www.weinlandhof.at\/en\/zimmer\/\">Rooms<\/a><\/li>\n<\/ul>\n<h2 class=\"wsp-posts-title\">Posts by category<\/h2>\n<ul class=\"wsp-posts-list\">\n\t<li><strong class=\"wsp-category-title\">Category: <a href=\"https:\/\/www.weinlandhof.at\/en\/blog\/allgemein\/\">General<\/a><\/strong>\n<ul class=\"wsp-posts-list\">\t\t<li class=\"wsp-post\"><a href=\"https:\/\/www.weinlandhof.at\/en\/wandern-in-der-suedsteiermark\/\">Hiking in Southern Styria<\/a><\/li>\n\t\t<li class=\"wsp-post\"><a href=\"https:\/\/www.weinlandhof.at\/en\/die-suedsteirische-weinstrasse\/\">Die S\u00fcdsteirische Weinstra\u00dfe<\/a><\/li>\n\t\t<li class=\"wsp-post\"><a href=\"https:\/\/www.weinlandhof.at\/en\/oeffentliches-anreisen-im-weinlandhof\/\">\u00d6ffentliches Anreisen im Weinlandhof<\/a><\/li>\n\t\t<li class=\"wsp-post\"><a href=\"https:\/\/www.weinlandhof.at\/en\/nachhaltigkeit-weinlandhof\/\">Nachhaltigkeit im Weinlandhof<\/a><\/li>\n\t\t<li class=\"wsp-post\"><a href=\"https:\/\/www.weinlandhof.at\/en\/ausflugstipps-kinder-suedsteiermark\/\">Ausflugstipps mit Kindern in der S\u00fcdsteiermark<\/a><\/li>\n\t\t<li class=\"wsp-post\"><a href=\"https:\/\/www.weinlandhof.at\/en\/naturpark-suedsteiermark\/\">Welcome to the South Styrian Nature Park<\/a><\/li>\n\t\t<li class=\"wsp-post\"><a href=\"https:\/\/www.weinlandhof.at\/en\/badeplaetze-suedsteiermark\/\">The most beautiful swimming spots in Southern Styria<\/a><\/li>\n\t\t<li class=\"wsp-post\"><a href=\"https:\/\/www.weinlandhof.at\/en\/richtig-saunieren\/\">10 tips for proper sauna bathing<\/a><\/li>\n\t\t<li class=\"wsp-post\"><a href=\"https:\/\/www.weinlandhof.at\/en\/genussvolle-erlebnisse-rund-um-gamlitz\/\">10 Erlebnis-Tipps f\u00fcr Ihren Urlaub in Gamlitz<\/a><\/li>\n\t\t<li class=\"wsp-post\"><a href=\"https:\/\/www.weinlandhof.at\/en\/suedsteirisch-nach-mass\/\">S\u00fcdsteirisch nach Mass<\/a><\/li>\n\t\t<li class=\"wsp-post\"><a href=\"https:\/\/www.weinlandhof.at\/en\/radtouren-suedsteiermark\/\">Die besten Radtouren der S\u00fcdsteiermark<\/a><\/li>\n\t\t<li class=\"wsp-post\"><a href=\"https:\/\/www.weinlandhof.at\/en\/basteltipps-ostern\/\">Basteltipps f\u00fcr ein sch\u00f6nes Osterfest<\/a><\/li>\n\t\t<li class=\"wsp-post\"><a href=\"https:\/\/www.weinlandhof.at\/en\/allerheiligenstriezel\/\">Unser Rezept f\u00fcr einen flaumigen Striezel<\/a><\/li>\n<\/ul><\/li>\n\t<li><strong class=\"wsp-category-title\">Category: <a href=\"https:\/\/www.weinlandhof.at\/en\/blog\/rezepte\/\">Rezepte<\/a><\/strong>\n<ul class=\"wsp-posts-list\">\t\t<li class=\"wsp-post\"><a href=\"https:\/\/www.weinlandhof.at\/en\/allerheiligenstriezel\/\">Unser Rezept f\u00fcr einen flaumigen Striezel<\/a><\/li>\n<\/ul><\/li>\n\t<li><strong class=\"wsp-category-title\">Category: <a href=\"https:\/\/www.weinlandhof.at\/en\/blog\/sommer\/\">Sommer<\/a><\/strong>\n<ul class=\"wsp-posts-list\">\t\t<li class=\"wsp-post\"><a href=\"https:\/\/www.weinlandhof.at\/en\/badeplaetze-suedsteiermark\/\">The most beautiful swimming spots in Southern Styria<\/a><\/li>\n<\/ul><\/li>\n\t<li><strong class=\"wsp-category-title\">Category: <a href=\"https:\/\/www.weinlandhof.at\/en\/blog\/sport\/\">Sports<\/a><\/strong>\n<ul class=\"wsp-posts-list\">\t\t<li class=\"wsp-post\"><a href=\"https:\/\/www.weinlandhof.at\/en\/wandern-in-der-suedsteiermark\/\">Hiking in Southern Styria<\/a><\/li>\n\t\t<li class=\"wsp-post\"><a href=\"https:\/\/www.weinlandhof.at\/en\/radtouren-suedsteiermark\/\">Die besten Radtouren der S\u00fcdsteiermark<\/a><\/li>\n<\/ul><\/li>\n\t<li><strong class=\"wsp-category-title\">Category: <a href=\"https:\/\/www.weinlandhof.at\/en\/blog\/tipps\/\">Advice<\/a><\/strong>\n<ul class=\"wsp-posts-list\">\t\t<li class=\"wsp-post\"><a href=\"https:\/\/www.weinlandhof.at\/en\/die-suedsteirische-weinstrasse\/\">Die S\u00fcdsteirische Weinstra\u00dfe<\/a><\/li>\n\t\t<li class=\"wsp-post\"><a href=\"https:\/\/www.weinlandhof.at\/en\/ausflugstipps-kinder-suedsteiermark\/\">Ausflugstipps mit Kindern in der S\u00fcdsteiermark<\/a><\/li>\n\t\t<li class=\"wsp-post\"><a href=\"https:\/\/www.weinlandhof.at\/en\/naturpark-suedsteiermark\/\">Welcome to the South Styrian Nature Park<\/a><\/li>\n\t\t<li class=\"wsp-post\"><a href=\"https:\/\/www.weinlandhof.at\/en\/richtig-saunieren\/\">10 tips for proper sauna bathing<\/a><\/li>\n\t\t<li class=\"wsp-post\"><a href=\"https:\/\/www.weinlandhof.at\/en\/suedsteirisch-nach-mass\/\">S\u00fcdsteirisch nach Mass<\/a><\/li>\n\t\t<li class=\"wsp-post\"><a href=\"https:\/\/www.weinlandhof.at\/en\/radtouren-suedsteiermark\/\">Die besten Radtouren der S\u00fcdsteiermark<\/a><\/li>\n\t\t<li class=\"wsp-post\"><a href=\"https:\/\/www.weinlandhof.at\/en\/basteltipps-ostern\/\">Basteltipps f\u00fcr ein sch\u00f6nes Osterfest<\/a><\/li>\n\t\t<li class=\"wsp-post\"><a href=\"https:\/\/www.weinlandhof.at\/en\/allerheiligenstriezel\/\">Unser Rezept f\u00fcr einen flaumigen Striezel<\/a><\/li>\n<\/ul><\/li>\n\t<li><strong class=\"wsp-category-title\">Category: <a href=\"https:\/\/www.weinlandhof.at\/en\/blog\/veranstaltungen\/\">Events<\/a><\/strong>\n<ul class=\"wsp-posts-list\">\t\t<li class=\"wsp-post\"><a href=\"https:\/\/www.weinlandhof.at\/en\/basteltipps-ostern\/\">Basteltipps f\u00fcr ein sch\u00f6nes Osterfest<\/a><\/li>\n<\/ul><\/li>\n\t<li><strong class=\"wsp-category-title\">Category: <a href=\"https:\/\/www.weinlandhof.at\/en\/blog\/wandern\/\">Hiking<\/a><\/strong>\n<ul class=\"wsp-posts-list\">\t\t<li class=\"wsp-post\"><a href=\"https:\/\/www.weinlandhof.at\/en\/wandern-in-der-suedsteiermark\/\">Hiking in Southern Styria<\/a><\/li>\n\t\t<li class=\"wsp-post\"><a href=\"https:\/\/www.weinlandhof.at\/en\/naturpark-suedsteiermark\/\">Welcome to the South Styrian Nature Park<\/a><\/li>\n<\/ul><\/li>\n\t<li><strong class=\"wsp-category-title\">Category: <a href=\"https:\/\/www.weinlandhof.at\/en\/blog\/wellness\/\">Wellness<\/a><\/strong>\n<ul class=\"wsp-posts-list\">\t\t<li class=\"wsp-post\"><a href=\"https:\/\/www.weinlandhof.at\/en\/richtig-saunieren\/\">10 tips for proper sauna bathing<\/a><\/li>\n<\/ul><\/li>\n<\/ul>\n<h2 class=\"wsp-mphb_room_types-title\">Accommodation Types<\/h2>\n<ul class=\"wsp-mphb_room_types-list\">\n<li><a href=\"https:\/\/www.weinlandhof.at\/en\/accommodation\/doppelzimmer-residenz-b\/\">Doppelzimmer Residenz B<\/a><\/li>\n<li><a href=\"https:\/\/www.weinlandhof.at\/en\/accommodation\/doppelzimmer-residenz-a\/\">Doppelzimmer Residenz A<\/a><\/li>\n<li><a href=\"https:\/\/www.weinlandhof.at\/en\/accommodation\/doppelzimmer-standard\/\">Double Room Standard<\/a><\/li>\n<li><a href=\"https:\/\/www.weinlandhof.at\/en\/accommodation\/doppelzimmer-gartenblick\/\">Double Room Garden View<\/a><\/li>\n<li><a href=\"https:\/\/www.weinlandhof.at\/en\/accommodation\/doppelzimmer-gartenzimmer\/\">Double Room Garden Room<\/a><\/li>\n<li><a href=\"https:\/\/www.weinlandhof.at\/en\/accommodation\/doppelzimmer-exquisit-b\/\">Double Room Exquisite B<\/a><\/li>\n<li><a href=\"https:\/\/www.weinlandhof.at\/en\/accommodation\/doppelzimmer-klassik\/\">Double Room Classic<\/a><\/li>\n<li><a href=\"https:\/\/www.weinlandhof.at\/en\/accommodation\/doppelzimmer-exquisit-a\/\">Double room Exquisite A<\/a><\/li>\n<\/ul>\n<\/div><\/strong><\/p>\n<p>\u00a0<\/p>\n<p><!-- \/wp:paragraph --><\/p>\t\t\t\t\t\t\t\t<\/div>\n\t\t\t\t<\/div>\n\t\t\t\t\t<\/div>\n\t\t<\/div>\n\t\t\t\t\t<\/div>\n\t\t<\/section>\n\t\t\t\t<\/div>","protected":false},"excerpt":{"rendered":"<p>\u00a0<\/p>","protected":false},"author":5,"featured_media":14847,"parent":0,"menu_order":0,"comment_status":"closed","ping_status":"closed","template":"","meta":{"footnotes":""},"class_list":["post-19601","page","type-page","status-publish","has-post-thumbnail","hentry"],"yoast_head":"<!-- This site is optimized with the Yoast SEO plugin v27.6 - https:\/\/yoast.com\/product\/yoast-seo-wordpress\/ -->\n<title>Sitemap - Weinlandhof<\/title>\n<meta name=\"robots\" content=\"index, follow, max-snippet:-1, max-image-preview:large, max-video-preview:-1\" \/>\n<link rel=\"canonical\" href=\"https:\/\/www.weinlandhof.at\/en\/sitemap\/\" \/>\n<meta property=\"og:locale\" content=\"en_GB\" \/>\n<meta property=\"og:type\" content=\"article\" \/>\n<meta property=\"og:title\" content=\"Sitemap - Weinlandhof\" \/>\n<meta property=\"og:description\" content=\"\u00a0\" \/>\n<meta property=\"og:url\" content=\"https:\/\/www.weinlandhof.at\/en\/sitemap\/\" \/>\n<meta property=\"og:site_name\" content=\"Weinlandhof\" \/>\n<meta property=\"article:modified_time\" content=\"2026-05-15T17:23:20+00:00\" \/>\n<meta property=\"og:image\" content=\"https:\/\/www.weinlandhof.at\/wp-content\/uploads\/2023\/06\/Weinlandhof-21-Sommer-Badesee-Wildon-019_1200px.jpg\" \/>\n\t<meta property=\"og:image:width\" content=\"1200\" \/>\n\t<meta property=\"og:image:height\" content=\"800\" \/>\n\t<meta property=\"og:image:type\" content=\"image\/jpeg\" \/>\n<meta name=\"twitter:card\" content=\"summary_large_image\" \/>\n<meta name=\"twitter:label1\" content=\"Estimated reading time\" \/>\n\t<meta name=\"twitter:data1\" content=\"1 minute\" \/>\n<script type=\"application\/ld+json\" class=\"yoast-schema-graph\">{\"@context\":\"https:\\\/\\\/schema.org\",\"@graph\":[{\"@type\":\"WebPage\",\"@id\":\"https:\\\/\\\/www.weinlandhof.at\\\/sitemap\\\/\",\"url\":\"https:\\\/\\\/www.weinlandhof.at\\\/sitemap\\\/\",\"name\":\"Sitemap - Weinlandhof\",\"isPartOf\":{\"@id\":\"https:\\\/\\\/www.weinlandhof.at\\\/#website\"},\"primaryImageOfPage\":{\"@id\":\"https:\\\/\\\/www.weinlandhof.at\\\/sitemap\\\/#primaryimage\"},\"image\":{\"@id\":\"https:\\\/\\\/www.weinlandhof.at\\\/sitemap\\\/#primaryimage\"},\"thumbnailUrl\":\"https:\\\/\\\/www.weinlandhof.at\\\/wp-content\\\/uploads\\\/2023\\\/06\\\/Weinlandhof-21-Sommer-Badesee-Wildon-019_1200px.jpg\",\"datePublished\":\"2026-05-15T17:00:19+00:00\",\"dateModified\":\"2026-05-15T17:23:20+00:00\",\"breadcrumb\":{\"@id\":\"https:\\\/\\\/www.weinlandhof.at\\\/sitemap\\\/#breadcrumb\"},\"inLanguage\":\"en-GB\",\"potentialAction\":[{\"@type\":\"ReadAction\",\"target\":[\"https:\\\/\\\/www.weinlandhof.at\\\/sitemap\\\/\"]}]},{\"@type\":\"ImageObject\",\"inLanguage\":\"en-GB\",\"@id\":\"https:\\\/\\\/www.weinlandhof.at\\\/sitemap\\\/#primaryimage\",\"url\":\"https:\\\/\\\/www.weinlandhof.at\\\/wp-content\\\/uploads\\\/2023\\\/06\\\/Weinlandhof-21-Sommer-Badesee-Wildon-019_1200px.jpg\",\"contentUrl\":\"https:\\\/\\\/www.weinlandhof.at\\\/wp-content\\\/uploads\\\/2023\\\/06\\\/Weinlandhof-21-Sommer-Badesee-Wildon-019_1200px.jpg\",\"width\":1200,\"height\":800,\"caption\":\"Badespa\u00df in der S\u00fcdsteiermark\"},{\"@type\":\"BreadcrumbList\",\"@id\":\"https:\\\/\\\/www.weinlandhof.at\\\/sitemap\\\/#breadcrumb\",\"itemListElement\":[{\"@type\":\"ListItem\",\"position\":1,\"name\":\"Startseite\",\"item\":\"https:\\\/\\\/www.weinlandhof.at\\\/\"},{\"@type\":\"ListItem\",\"position\":2,\"name\":\"Sitemap\"}]},{\"@type\":\"WebSite\",\"@id\":\"https:\\\/\\\/www.weinlandhof.at\\\/#website\",\"url\":\"https:\\\/\\\/www.weinlandhof.at\\\/\",\"name\":\"Weinlandhof\",\"description\":\"Hotel, Restaurant &amp; Seminarzentrum in Gamlitz\",\"potentialAction\":[{\"@type\":\"SearchAction\",\"target\":{\"@type\":\"EntryPoint\",\"urlTemplate\":\"https:\\\/\\\/www.weinlandhof.at\\\/?s={search_term_string}\"},\"query-input\":{\"@type\":\"PropertyValueSpecification\",\"valueRequired\":true,\"valueName\":\"search_term_string\"}}],\"inLanguage\":\"en-GB\"}]}<\/script>\n<!-- \/ Yoast SEO plugin. -->","yoast_head_json":{"title":"Sitemap - Weinlandhof","robots":{"index":"index","follow":"follow","max-snippet":"max-snippet:-1","max-image-preview":"max-image-preview:large","max-video-preview":"max-video-preview:-1"},"canonical":"https:\/\/www.weinlandhof.at\/en\/sitemap\/","og_locale":"en_GB","og_type":"article","og_title":"Sitemap - Weinlandhof","og_description":"\u00a0","og_url":"https:\/\/www.weinlandhof.at\/en\/sitemap\/","og_site_name":"Weinlandhof","article_modified_time":"2026-05-15T17:23:20+00:00","og_image":[{"width":1200,"height":800,"url":"https:\/\/www.weinlandhof.at\/wp-content\/uploads\/2023\/06\/Weinlandhof-21-Sommer-Badesee-Wildon-019_1200px.jpg","type":"image\/jpeg"}],"twitter_card":"summary_large_image","twitter_misc":{"Estimated reading time":"1 minute"},"schema":{"@context":"https:\/\/schema.org","@graph":[{"@type":"WebPage","@id":"https:\/\/www.weinlandhof.at\/sitemap\/","url":"https:\/\/www.weinlandhof.at\/sitemap\/","name":"Sitemap - Weinlandhof","isPartOf":{"@id":"https:\/\/www.weinlandhof.at\/#website"},"primaryImageOfPage":{"@id":"https:\/\/www.weinlandhof.at\/sitemap\/#primaryimage"},"image":{"@id":"https:\/\/www.weinlandhof.at\/sitemap\/#primaryimage"},"thumbnailUrl":"https:\/\/www.weinlandhof.at\/wp-content\/uploads\/2023\/06\/Weinlandhof-21-Sommer-Badesee-Wildon-019_1200px.jpg","datePublished":"2026-05-15T17:00:19+00:00","dateModified":"2026-05-15T17:23:20+00:00","breadcrumb":{"@id":"https:\/\/www.weinlandhof.at\/sitemap\/#breadcrumb"},"inLanguage":"en-GB","potentialAction":[{"@type":"ReadAction","target":["https:\/\/www.weinlandhof.at\/sitemap\/"]}]},{"@type":"ImageObject","inLanguage":"en-GB","@id":"https:\/\/www.weinlandhof.at\/sitemap\/#primaryimage","url":"https:\/\/www.weinlandhof.at\/wp-content\/uploads\/2023\/06\/Weinlandhof-21-Sommer-Badesee-Wildon-019_1200px.jpg","contentUrl":"https:\/\/www.weinlandhof.at\/wp-content\/uploads\/2023\/06\/Weinlandhof-21-Sommer-Badesee-Wildon-019_1200px.jpg","width":1200,"height":800,"caption":"Badespa\u00df in der S\u00fcdsteiermark"},{"@type":"BreadcrumbList","@id":"https:\/\/www.weinlandhof.at\/sitemap\/#breadcrumb","itemListElement":[{"@type":"ListItem","position":1,"name":"Startseite","item":"https:\/\/www.weinlandhof.at\/"},{"@type":"ListItem","position":2,"name":"Sitemap"}]},{"@type":"WebSite","@id":"https:\/\/www.weinlandhof.at\/#website","url":"https:\/\/www.weinlandhof.at\/","name":"Weinlandhof","description":"Hotel, Restaurant &amp; Seminarzentrum in Gamlitz","potentialAction":[{"@type":"SearchAction","target":{"@type":"EntryPoint","urlTemplate":"https:\/\/www.weinlandhof.at\/?s={search_term_string}"},"query-input":{"@type":"PropertyValueSpecification","valueRequired":true,"valueName":"search_term_string"}}],"inLanguage":"en-GB"}]}},"_links":{"self":[{"href":"https:\/\/www.weinlandhof.at\/en\/wp-json\/wp\/v2\/pages\/19601","targetHints":{"allow":["GET"]}}],"collection":[{"href":"https:\/\/www.weinlandhof.at\/en\/wp-json\/wp\/v2\/pages"}],"about":[{"href":"https:\/\/www.weinlandhof.at\/en\/wp-json\/wp\/v2\/types\/page"}],"author":[{"embeddable":true,"href":"https:\/\/www.weinlandhof.at\/en\/wp-json\/wp\/v2\/users\/5"}],"replies":[{"embeddable":true,"href":"https:\/\/www.weinlandhof.at\/en\/wp-json\/wp\/v2\/comments?post=19601"}],"version-history":[{"count":4,"href":"https:\/\/www.weinlandhof.at\/en\/wp-json\/wp\/v2\/pages\/19601\/revisions"}],"predecessor-version":[{"id":19605,"href":"https:\/\/www.weinlandhof.at\/en\/wp-json\/wp\/v2\/pages\/19601\/revisions\/19605"}],"wp:featuredmedia":[{"embeddable":true,"href":"https:\/\/www.weinlandhof.at\/en\/wp-json\/wp\/v2\/media\/14847"}],"wp:attachment":[{"href":"https:\/\/www.weinlandhof.at\/en\/wp-json\/wp\/v2\/media?parent=19601"}],"curies":[{"name":"wp","href":"https:\/\/api.w.org\/{rel}","templated":true}]}}