{"id":19355,"date":"2025-12-12T02:59:13","date_gmt":"2025-12-12T01:59:13","guid":{"rendered":"https:\/\/www.weinlandhof.at\/?page_id=19355"},"modified":"2025-12-12T03:09:33","modified_gmt":"2025-12-12T02:09:33","slug":"barrierefreiheit","status":"publish","type":"page","link":"https:\/\/www.weinlandhof.at\/en\/barrierefreiheit\/","title":{"rendered":"Barrierefreiheit"},"content":{"rendered":"<div data-elementor-type=\"wp-page\" data-elementor-id=\"19355\" class=\"elementor elementor-19355\" data-elementor-post-type=\"page\">\n\t\t\t\t\t\t<section class=\"elementor-section elementor-top-section elementor-element elementor-element-4de8d491 elementor-section-boxed elementor-section-height-default elementor-section-height-default\" data-id=\"4de8d491\" data-element_type=\"section\" data-e-type=\"section\" data-settings=\"{&quot;hoteller_ext_is_background_parallax&quot;:&quot;false&quot;,&quot;hoteller_ext_is_background_backdrop&quot;:&quot;false&quot;,&quot;hoteller_ext_is_background_on_scroll&quot;:&quot;false&quot;}\">\n\t\t\t\t\t\t<div class=\"elementor-container elementor-column-gap-default\">\n\t\t\t\t\t<div class=\"elementor-column elementor-col-100 elementor-top-column elementor-element elementor-element-6da32d81\" data-id=\"6da32d81\" data-element_type=\"column\" data-e-type=\"column\" data-settings=\"{&quot;hoteller_ext_link_sidemenu&quot;:&quot;false&quot;,&quot;hoteller_ext_link_fullmenu&quot;:&quot;false&quot;,&quot;hoteller_ext_link_closed_fullmenu&quot;:&quot;false&quot;,&quot;hoteller_ext_is_scrollme&quot;:&quot;false&quot;,&quot;hoteller_ext_is_smoove&quot;:&quot;false&quot;,&quot;hoteller_ext_is_parallax_mouse&quot;:&quot;false&quot;,&quot;hoteller_ext_is_infinite&quot;:&quot;false&quot;,&quot;hoteller_ext_is_fadeout_animation&quot;:&quot;false&quot;,&quot;hoteller_ext_mobile_static&quot;:&quot;false&quot;}\">\n\t\t\t<div class=\"elementor-widget-wrap elementor-element-populated\">\n\t\t\t\t\t\t<div class=\"elementor-element elementor-element-29ba7bc3 elementor-widget elementor-widget-text-editor\" data-id=\"29ba7bc3\" data-element_type=\"widget\" data-e-type=\"widget\" data-settings=\"{&quot;hoteller_ext_link_sidemenu&quot;:&quot;false&quot;,&quot;hoteller_ext_link_fullmenu&quot;:&quot;false&quot;,&quot;hoteller_ext_link_closed_fullmenu&quot;:&quot;false&quot;,&quot;hoteller_ext_is_scrollme&quot;:&quot;false&quot;,&quot;hoteller_ext_is_smoove&quot;:&quot;false&quot;,&quot;hoteller_ext_is_parallax_mouse&quot;:&quot;false&quot;,&quot;hoteller_ext_is_infinite&quot;:&quot;false&quot;,&quot;hoteller_ext_is_fadeout_animation&quot;:&quot;false&quot;,&quot;hoteller_ext_mobile_static&quot;:&quot;false&quot;}\" data-widget_type=\"text-editor.default\">\n\t\t\t\t<div class=\"elementor-widget-container\">\n\t\t\t\t\t\t\t\t\t<p><\/p>\n<p><\/p>\n<p>\u00a0<\/p>\n<p>Diese Website wurde im Hinblick auf eine m\u00f6glichst barrierearme Nutzung entwickelt und wird kontinuierlich optimiert.<br \/>Sie soll f\u00fcr alle Nutzerinnen und Nutzer zug\u00e4nglich und verst\u00e4ndlich sein.<\/p>\n<p><strong>Stand der Vereinbarkeit<\/strong><\/p>\n<p>Diese Website ist teilweise mit den Anforderungen der EN 301 549<br \/>in Verbindung mit der WCAG 2.2 Level AA vereinbar.<\/p>\n<p><strong>Erstellungsdatum<\/strong><\/p>\n<p>Diese Erkl\u00e4rung wurde am 12. Dezember 2025 erstellt.<\/p>\n<p><strong>Contact<\/strong><\/p>\n<p>Wenn Sie auf Barrieren sto\u00dfen oder Verbesserungsvorschl\u00e4ge haben, schreiben Sie uns bitte eine E-Mail an: <a>office@weinlandhof.at<\/a>\u00a0<\/p>\n<p>\u00a0<\/p>\n<p><\/p>\t\t\t\t\t\t\t\t<\/div>\n\t\t\t\t<\/div>\n\t\t\t\t\t<\/div>\n\t\t<\/div>\n\t\t\t\t\t<\/div>\n\t\t<\/section>\n\t\t\t\t<\/div>","protected":false},"excerpt":{"rendered":"<p>\u00a0 Diese Website wurde im Hinblick auf eine m\u00f6glichst barrierearme Nutzung entwickelt und wird kontinuierlich optimiert.Sie soll f\u00fcr alle Nutzerinnen und Nutzer zug\u00e4nglich und verst\u00e4ndlich sein. Stand der Vereinbarkeit Diese Website ist teilweise mit den Anforderungen der EN 301 549in [&hellip;]<\/p>\n","protected":false},"author":3,"featured_media":14847,"parent":0,"menu_order":0,"comment_status":"closed","ping_status":"closed","template":"","meta":{"footnotes":""},"class_list":["post-19355","page","type-page","status-publish","has-post-thumbnail","hentry"],"yoast_head":"<!-- This site is optimized with the Yoast SEO plugin v27.4 - https:\/\/yoast.com\/product\/yoast-seo-wordpress\/ -->\n<title>Barrierefreiheit - Weinlandhof<\/title>\n<meta name=\"robots\" content=\"index, follow, max-snippet:-1, max-image-preview:large, max-video-preview:-1\" \/>\n<link rel=\"canonical\" href=\"https:\/\/www.weinlandhof.at\/en\/barrierefreiheit\/\" \/>\n<meta property=\"og:locale\" content=\"en_GB\" \/>\n<meta property=\"og:type\" content=\"article\" \/>\n<meta property=\"og:title\" content=\"Barrierefreiheit - Weinlandhof\" \/>\n<meta property=\"og:description\" content=\"\u00a0 Diese Website wurde im Hinblick auf eine m\u00f6glichst barrierearme Nutzung entwickelt und wird kontinuierlich optimiert.Sie soll f\u00fcr alle Nutzerinnen und Nutzer zug\u00e4nglich und verst\u00e4ndlich sein. Stand der Vereinbarkeit Diese Website ist teilweise mit den Anforderungen der EN 301 549in [&hellip;]\" \/>\n<meta property=\"og:url\" content=\"https:\/\/www.weinlandhof.at\/en\/barrierefreiheit\/\" \/>\n<meta property=\"og:site_name\" content=\"Weinlandhof\" \/>\n<meta property=\"article:modified_time\" content=\"2025-12-12T02:09:33+00:00\" \/>\n<meta property=\"og:image\" content=\"https:\/\/www.weinlandhof.at\/wp-content\/uploads\/2023\/06\/Weinlandhof-21-Sommer-Badesee-Wildon-019_1200px.jpg\" \/>\n\t<meta property=\"og:image:width\" content=\"1200\" \/>\n\t<meta property=\"og:image:height\" content=\"800\" \/>\n\t<meta property=\"og:image:type\" content=\"image\/jpeg\" \/>\n<meta name=\"twitter:card\" content=\"summary_large_image\" \/>\n<meta name=\"twitter:label1\" content=\"Estimated reading time\" \/>\n\t<meta name=\"twitter:data1\" content=\"1 minute\" \/>\n<script type=\"application\/ld+json\" class=\"yoast-schema-graph\">{\"@context\":\"https:\\\/\\\/schema.org\",\"@graph\":[{\"@type\":\"WebPage\",\"@id\":\"https:\\\/\\\/www.weinlandhof.at\\\/barrierefreiheit\\\/\",\"url\":\"https:\\\/\\\/www.weinlandhof.at\\\/barrierefreiheit\\\/\",\"name\":\"Barrierefreiheit - Weinlandhof\",\"isPartOf\":{\"@id\":\"https:\\\/\\\/www.weinlandhof.at\\\/#website\"},\"primaryImageOfPage\":{\"@id\":\"https:\\\/\\\/www.weinlandhof.at\\\/barrierefreiheit\\\/#primaryimage\"},\"image\":{\"@id\":\"https:\\\/\\\/www.weinlandhof.at\\\/barrierefreiheit\\\/#primaryimage\"},\"thumbnailUrl\":\"https:\\\/\\\/www.weinlandhof.at\\\/wp-content\\\/uploads\\\/2023\\\/06\\\/Weinlandhof-21-Sommer-Badesee-Wildon-019_1200px.jpg\",\"datePublished\":\"2025-12-12T01:59:13+00:00\",\"dateModified\":\"2025-12-12T02:09:33+00:00\",\"breadcrumb\":{\"@id\":\"https:\\\/\\\/www.weinlandhof.at\\\/barrierefreiheit\\\/#breadcrumb\"},\"inLanguage\":\"en-GB\",\"potentialAction\":[{\"@type\":\"ReadAction\",\"target\":[\"https:\\\/\\\/www.weinlandhof.at\\\/barrierefreiheit\\\/\"]}]},{\"@type\":\"ImageObject\",\"inLanguage\":\"en-GB\",\"@id\":\"https:\\\/\\\/www.weinlandhof.at\\\/barrierefreiheit\\\/#primaryimage\",\"url\":\"https:\\\/\\\/www.weinlandhof.at\\\/wp-content\\\/uploads\\\/2023\\\/06\\\/Weinlandhof-21-Sommer-Badesee-Wildon-019_1200px.jpg\",\"contentUrl\":\"https:\\\/\\\/www.weinlandhof.at\\\/wp-content\\\/uploads\\\/2023\\\/06\\\/Weinlandhof-21-Sommer-Badesee-Wildon-019_1200px.jpg\",\"width\":1200,\"height\":800,\"caption\":\"Badespa\u00df in der S\u00fcdsteiermark\"},{\"@type\":\"BreadcrumbList\",\"@id\":\"https:\\\/\\\/www.weinlandhof.at\\\/barrierefreiheit\\\/#breadcrumb\",\"itemListElement\":[{\"@type\":\"ListItem\",\"position\":1,\"name\":\"Startseite\",\"item\":\"https:\\\/\\\/www.weinlandhof.at\\\/\"},{\"@type\":\"ListItem\",\"position\":2,\"name\":\"Barrierefreiheit\"}]},{\"@type\":\"WebSite\",\"@id\":\"https:\\\/\\\/www.weinlandhof.at\\\/#website\",\"url\":\"https:\\\/\\\/www.weinlandhof.at\\\/\",\"name\":\"Weinlandhof\",\"description\":\"Hotel, Restaurant &amp; Seminarzentrum in Gamlitz\",\"potentialAction\":[{\"@type\":\"SearchAction\",\"target\":{\"@type\":\"EntryPoint\",\"urlTemplate\":\"https:\\\/\\\/www.weinlandhof.at\\\/?s={search_term_string}\"},\"query-input\":{\"@type\":\"PropertyValueSpecification\",\"valueRequired\":true,\"valueName\":\"search_term_string\"}}],\"inLanguage\":\"en-GB\"}]}<\/script>\n<!-- \/ Yoast SEO plugin. -->","yoast_head_json":{"title":"Barrierefreiheit - Weinlandhof","robots":{"index":"index","follow":"follow","max-snippet":"max-snippet:-1","max-image-preview":"max-image-preview:large","max-video-preview":"max-video-preview:-1"},"canonical":"https:\/\/www.weinlandhof.at\/en\/barrierefreiheit\/","og_locale":"en_GB","og_type":"article","og_title":"Barrierefreiheit - Weinlandhof","og_description":"\u00a0 Diese Website wurde im Hinblick auf eine m\u00f6glichst barrierearme Nutzung entwickelt und wird kontinuierlich optimiert.Sie soll f\u00fcr alle Nutzerinnen und Nutzer zug\u00e4nglich und verst\u00e4ndlich sein. Stand der Vereinbarkeit Diese Website ist teilweise mit den Anforderungen der EN 301 549in [&hellip;]","og_url":"https:\/\/www.weinlandhof.at\/en\/barrierefreiheit\/","og_site_name":"Weinlandhof","article_modified_time":"2025-12-12T02:09:33+00:00","og_image":[{"width":1200,"height":800,"url":"https:\/\/www.weinlandhof.at\/wp-content\/uploads\/2023\/06\/Weinlandhof-21-Sommer-Badesee-Wildon-019_1200px.jpg","type":"image\/jpeg"}],"twitter_card":"summary_large_image","twitter_misc":{"Estimated reading time":"1 minute"},"schema":{"@context":"https:\/\/schema.org","@graph":[{"@type":"WebPage","@id":"https:\/\/www.weinlandhof.at\/barrierefreiheit\/","url":"https:\/\/www.weinlandhof.at\/barrierefreiheit\/","name":"Barrierefreiheit - Weinlandhof","isPartOf":{"@id":"https:\/\/www.weinlandhof.at\/#website"},"primaryImageOfPage":{"@id":"https:\/\/www.weinlandhof.at\/barrierefreiheit\/#primaryimage"},"image":{"@id":"https:\/\/www.weinlandhof.at\/barrierefreiheit\/#primaryimage"},"thumbnailUrl":"https:\/\/www.weinlandhof.at\/wp-content\/uploads\/2023\/06\/Weinlandhof-21-Sommer-Badesee-Wildon-019_1200px.jpg","datePublished":"2025-12-12T01:59:13+00:00","dateModified":"2025-12-12T02:09:33+00:00","breadcrumb":{"@id":"https:\/\/www.weinlandhof.at\/barrierefreiheit\/#breadcrumb"},"inLanguage":"en-GB","potentialAction":[{"@type":"ReadAction","target":["https:\/\/www.weinlandhof.at\/barrierefreiheit\/"]}]},{"@type":"ImageObject","inLanguage":"en-GB","@id":"https:\/\/www.weinlandhof.at\/barrierefreiheit\/#primaryimage","url":"https:\/\/www.weinlandhof.at\/wp-content\/uploads\/2023\/06\/Weinlandhof-21-Sommer-Badesee-Wildon-019_1200px.jpg","contentUrl":"https:\/\/www.weinlandhof.at\/wp-content\/uploads\/2023\/06\/Weinlandhof-21-Sommer-Badesee-Wildon-019_1200px.jpg","width":1200,"height":800,"caption":"Badespa\u00df in der S\u00fcdsteiermark"},{"@type":"BreadcrumbList","@id":"https:\/\/www.weinlandhof.at\/barrierefreiheit\/#breadcrumb","itemListElement":[{"@type":"ListItem","position":1,"name":"Startseite","item":"https:\/\/www.weinlandhof.at\/"},{"@type":"ListItem","position":2,"name":"Barrierefreiheit"}]},{"@type":"WebSite","@id":"https:\/\/www.weinlandhof.at\/#website","url":"https:\/\/www.weinlandhof.at\/","name":"Weinlandhof","description":"Hotel, Restaurant &amp; Seminarzentrum in Gamlitz","potentialAction":[{"@type":"SearchAction","target":{"@type":"EntryPoint","urlTemplate":"https:\/\/www.weinlandhof.at\/?s={search_term_string}"},"query-input":{"@type":"PropertyValueSpecification","valueRequired":true,"valueName":"search_term_string"}}],"inLanguage":"en-GB"}]}},"_links":{"self":[{"href":"https:\/\/www.weinlandhof.at\/en\/wp-json\/wp\/v2\/pages\/19355","targetHints":{"allow":["GET"]}}],"collection":[{"href":"https:\/\/www.weinlandhof.at\/en\/wp-json\/wp\/v2\/pages"}],"about":[{"href":"https:\/\/www.weinlandhof.at\/en\/wp-json\/wp\/v2\/types\/page"}],"author":[{"embeddable":true,"href":"https:\/\/www.weinlandhof.at\/en\/wp-json\/wp\/v2\/users\/3"}],"replies":[{"embeddable":true,"href":"https:\/\/www.weinlandhof.at\/en\/wp-json\/wp\/v2\/comments?post=19355"}],"version-history":[{"count":7,"href":"https:\/\/www.weinlandhof.at\/en\/wp-json\/wp\/v2\/pages\/19355\/revisions"}],"predecessor-version":[{"id":19362,"href":"https:\/\/www.weinlandhof.at\/en\/wp-json\/wp\/v2\/pages\/19355\/revisions\/19362"}],"wp:featuredmedia":[{"embeddable":true,"href":"https:\/\/www.weinlandhof.at\/en\/wp-json\/wp\/v2\/media\/14847"}],"wp:attachment":[{"href":"https:\/\/www.weinlandhof.at\/en\/wp-json\/wp\/v2\/media?parent=19355"}],"curies":[{"name":"wp","href":"https:\/\/api.w.org\/{rel}","templated":true}]}}