{"id":14873,"date":"2023-06-22T10:10:48","date_gmt":"2023-06-22T08:10:48","guid":{"rendered":"https:\/\/www.weinlandhof.at\/?page_id=14873"},"modified":"2025-09-05T10:43:57","modified_gmt":"2025-09-05T08:43:57","slug":"impressum","status":"publish","type":"page","link":"https:\/\/www.weinlandhof.at\/en\/impressum\/","title":{"rendered":"Impressum"},"content":{"rendered":"<div data-elementor-type=\"wp-page\" data-elementor-id=\"14873\" class=\"elementor elementor-14873\" data-elementor-post-type=\"page\">\n\t\t\t\t\t\t<section class=\"elementor-section elementor-top-section elementor-element elementor-element-4de8d491 elementor-section-boxed elementor-section-height-default elementor-section-height-default\" data-id=\"4de8d491\" data-element_type=\"section\" data-e-type=\"section\" data-settings=\"{&quot;hoteller_ext_is_background_parallax&quot;:&quot;false&quot;,&quot;hoteller_ext_is_background_backdrop&quot;:&quot;false&quot;,&quot;hoteller_ext_is_background_on_scroll&quot;:&quot;false&quot;}\">\n\t\t\t\t\t\t<div class=\"elementor-container elementor-column-gap-default\">\n\t\t\t\t\t<div class=\"elementor-column elementor-col-100 elementor-top-column elementor-element elementor-element-6da32d81\" data-id=\"6da32d81\" data-element_type=\"column\" data-e-type=\"column\" data-settings=\"{&quot;hoteller_ext_link_sidemenu&quot;:&quot;false&quot;,&quot;hoteller_ext_link_fullmenu&quot;:&quot;false&quot;,&quot;hoteller_ext_link_closed_fullmenu&quot;:&quot;false&quot;,&quot;hoteller_ext_is_scrollme&quot;:&quot;false&quot;,&quot;hoteller_ext_is_smoove&quot;:&quot;false&quot;,&quot;hoteller_ext_is_parallax_mouse&quot;:&quot;false&quot;,&quot;hoteller_ext_is_infinite&quot;:&quot;false&quot;,&quot;hoteller_ext_is_fadeout_animation&quot;:&quot;false&quot;,&quot;hoteller_ext_mobile_static&quot;:&quot;false&quot;}\">\n\t\t\t<div class=\"elementor-widget-wrap elementor-element-populated\">\n\t\t\t\t\t\t<div class=\"elementor-element elementor-element-29ba7bc3 elementor-widget elementor-widget-text-editor\" data-id=\"29ba7bc3\" data-element_type=\"widget\" data-e-type=\"widget\" data-settings=\"{&quot;hoteller_ext_link_sidemenu&quot;:&quot;false&quot;,&quot;hoteller_ext_link_fullmenu&quot;:&quot;false&quot;,&quot;hoteller_ext_link_closed_fullmenu&quot;:&quot;false&quot;,&quot;hoteller_ext_is_scrollme&quot;:&quot;false&quot;,&quot;hoteller_ext_is_smoove&quot;:&quot;false&quot;,&quot;hoteller_ext_is_parallax_mouse&quot;:&quot;false&quot;,&quot;hoteller_ext_is_infinite&quot;:&quot;false&quot;,&quot;hoteller_ext_is_fadeout_animation&quot;:&quot;false&quot;,&quot;hoteller_ext_mobile_static&quot;:&quot;false&quot;}\" data-widget_type=\"text-editor.default\">\n\t\t\t\t<div class=\"elementor-widget-container\">\n\t\t\t\t\t\t\t\t\t<p><\/p>\n<h3 class=\"wp-block-heading\">WEINLANDHOF GMBH<\/h3>\n<p><\/p>\n<p>Hotel Restaurant Weinlandhof<br \/>Untere Hauptstrasse 15<br \/>A-8462 Gamlitz<\/p>\n<p><\/p>\n<p>Tel.: +43 3453 2584<br \/>Fax: +43 3453 271510<br \/>E-mail:\u00a0<a>office@weinlandhof.at<\/a>\u00a0<a><br \/><\/a><br \/>Web:\u00a0<a href=\"https:\/\/www.weinlandhof.at\/en\/\" target=\"_blank\" rel=\"noreferrer noopener\">www.weinlandhof.at<\/a><\/p>\n<p><\/p>\n<hr \/>\n<p><\/p>\n<h3 class=\"wp-block-heading\">INFORMATIONSPFLICHT LT. \u00a75 E-COMMERCE GESETZ<\/h3>\n<p><\/p>\n<p><a href=\"https:\/\/firmen.wko.at\/Web\/DetailsKontakt.aspx?FirmaID=d9b3f60c-dae4-4fea-a59f-549e530ef5e2&amp;StandortID=0&amp;Suchbegriff=weinlandhof&amp;Page=1\" target=\"_blank\" rel=\"noreferrer noopener\">Informationspflicht lt. \u00a7 5 Abs. 1 E-Commerce-Gesetz<\/a><\/p>\n<p><\/p>\n<figure><img decoding=\"async\" src=\"https:\/\/www.weinlandhof.at\/wp-content\/uploads\/2017\/03\/rtemagicc_logo_wko_2_01.gif.gif\" alt=\"rtemagicc_logo_wko_2_01.gif\" \/><\/figure>\n<p><\/p>\n<hr \/>\n<p><\/p>\n<h3 class=\"wp-block-heading\">\u00a0<\/h3>\n<p><\/p>\n<h3 class=\"wp-block-heading\">INHALT &amp; UMSETZUNG<\/h3>\n<p><\/p>\n<p><strong>Fotos<\/strong><\/p>\n<p><\/p>\n<p>Stiefkind Fotografie \/\u00a0<a href=\"http:\/\/www.stiefkind.at\/\" target=\"_blank\" rel=\"noreferrer noopener\">www.stiefkind.at<\/a><br \/>Thomas Wasle \/\u00a0<a href=\"http:\/\/www.thomas-wasle.at\/\">www.thomas-wasle.at<br \/><\/a>Peter Melbinger \/\u00a0<a href=\"http:\/\/www.melbinger.com\/\">www.melbinger.com<\/a><br \/>WOCHE \/\u00a0<a href=\"https:\/\/www.meinbezirk.at\/\" target=\"_blank\" rel=\"noreferrer noopener\">www.woche.at<\/a><br \/>Stephan Friesinger \/\u00a0<a href=\"http:\/\/www.stephanfriesinger.com\/\" target=\"_blank\" rel=\"noreferrer noopener\">www.stephanfriesinger.com<\/a><br \/>Weingut Grasmuck \/\u00a0<a href=\"http:\/\/www.grasmuck.net\/\" target=\"_blank\" rel=\"noreferrer noopener\">www.grasmuck.net<\/a><br \/>Tourismusverein Gamlitz \/\u00a0<a href=\"http:\/\/www.gamlitz.eu\/\" target=\"_blank\" rel=\"noreferrer noopener\">www.gamlitz.eu<\/a><br \/>Schloss Melcher \/\u00a0<a href=\"http:\/\/melcher.at\/\" target=\"_blank\" rel=\"noreferrer noopener\">www.melcher.at<\/a><br \/>Georgi Schl\u00f6ssl \/\u00a0<a href=\"http:\/\/www.georgischloss.at\/\" target=\"_blank\" rel=\"noreferrer noopener\">www.georgischloss.at<\/a><br \/>Weinstadl Holler \/\u00a0<a href=\"http:\/\/www.holler-weine.at\/\" target=\"_blank\" rel=\"noreferrer noopener\">www.holler-weine.at<\/a><br \/>Motorikpark Gamlitz \/\u00a0<a href=\"http:\/\/www.motorikpark.com\/\" target=\"_blank\" rel=\"noreferrer noopener\">www.motorikpark.com<\/a><br \/>Summertimeblues \/\u00a0<a href=\"http:\/\/www.summertimeblues.at\/\" target=\"_blank\" rel=\"noreferrer noopener\">www.summertimeblues.at<\/a><br \/>S\u00fcdsteiermark Classic \/\u00a0<a href=\"http:\/\/www.suedsteiermark-classic.com\/\" target=\"_blank\" rel=\"noreferrer noopener\">www.suedsteiermark-classic.com<\/a><br \/>Schloss Gamlitz \/ Michaela Lorber, Domaines Kilger<br \/>Golfclub Murst\u00e4tten \/ Pixelmaker \/ <a href=\"https:\/\/pixelmaker.at\/\" target=\"_blank\" rel=\"noopener\">https:\/\/pixelmaker.at\/<br \/><\/a>Erlebnisbrauerei Leutschach: Wolfgang Dietrich \/ <a href=\"https:\/\/www.diebrauerei.com\/\" target=\"_blank\" rel=\"noopener\">https:\/\/www.diebrauerei.com\/<\/a><br \/>E-Bike \/ Christian Hammer <a href=\"https:\/\/www.ebikes-biken.at\/\" target=\"_blank\" rel=\"noopener\">https:\/\/www.ebikes-biken.at\/<\/a><br \/>Alpakas vom Knappenhof \/ Melanie Pommer \/ <a href=\"http:\/\/www.knappenhof.eu\" target=\"_blank\" rel=\"noopener\">www.knappenhof.eu<\/a><br \/>Weinlesefest Gamlitz \/ Bernhard Schindler \/ <a href=\"https:\/\/www.derschindler.at\/\" target=\"_blank\" rel=\"noopener\">https:\/\/www.derschindler.at\/<\/a><br \/>Tourismusverein Gamlitz \/\u00a0<a href=\"http:\/\/www.gamlitz.eu\/\" target=\"_blank\" rel=\"noreferrer noopener\">www.gamlitz.eu<\/a><\/p>\n<p><\/p>\n<p><strong>Text, SEO<\/strong><br \/><strong>Die Soulcial Media Agentur<\/strong> \/\u00a0<a href=\"https:\/\/soulcialmedia.at\/\">soulcialmedia.at<\/a><\/p>\n<p><\/p>\n<p><strong>Layout, Design,<\/strong> <strong>Technische Realisierung<\/strong><br \/><strong>einzigartig<\/strong> \/\/ branding- und designstudio \/\u00a0<a href=\"https:\/\/www.einzigartig-design.at\/\">www.einzigartig-design.at<\/a><\/p>\n<p><\/p>\n<hr \/>\n<p><\/p>\n<h3 class=\"wp-block-heading\">\u00a0<\/h3>\n<p><\/p>\n<h3 class=\"wp-block-heading\">HAFTUNGSAUSSCHLUSS<\/h3>\n<p><\/p>\n<p><strong>1. Inhalt des Onlineangebotes<\/strong><\/p>\n<p><\/p>\n<p>Der Autor \u00fcbernimmt keinerlei Gew\u00e4hr f\u00fcr die Aktualit\u00e4t, Korrektheit, Vollst\u00e4ndigkeit oder Qualit\u00e4t der bereitgestellten Informationen. Haftungsanspr\u00fcche gegen den Autor, welche sich auf Sch\u00e4den materieller oder ideeller Art beziehen, die durch die Nutzung oder Nichtnutzung der dargebotenen Informationen bzw. durch die Nutzung fehlerhafter und unvollst\u00e4ndiger Informationen verursacht wurden, sind grunds\u00e4tzlich ausgeschlossen, sofern seitens des Autors kein nachweislich vors\u00e4tzliches oder grob fahrl\u00e4ssiges Verschulden vorliegt. Alle Angebote sind freibleibend und unverbindlich. Der Autor beh\u00e4lt es sich ausdr\u00fccklich vor, Teile der Seiten oder das gesamte Angebot ohne gesonderte Ank\u00fcndigung zu ver\u00e4ndern, zu erg\u00e4nzen, zu l\u00f6schen oder die Ver\u00f6ffentlichung zeitweise oder endg\u00fcltig einzustellen.<\/p>\n<p><\/p>\n<p><strong>2. Verweise und Links<\/strong><\/p>\n<p><\/p>\n<p>Bei direkten oder indirekten Verweisen auf fremde Internetseiten (\u201eLinks\u201c), die au\u00dferhalb des Verantwortungsbereiches des Autors liegen, w\u00fcrde eine Haftungsverpflichtung ausschlie\u00dflich in dem Fall in Kraft treten, in dem der Autor von den Inhalten Kenntnis hat und es ihm technisch m\u00f6glich und zumutbar w\u00e4re, die Nutzung im Falle rechtswidriger Inhalte zu verhindern. Der Autor erkl\u00e4rt hiermit ausdr\u00fccklich, dass zum Zeitpunkt der Linksetzung keine illegalen Inhalte auf den zu verlinkenden Seiten erkennbar waren. Auf die aktuelle und zuk\u00fcnftige Gestaltung, die Inhalte oder die Urheberschaft der gelinkten\/verkn\u00fcpften Seiten hat der Autor keinerlei Einfluss. Deshalb distanziert er sich hiermit ausdr\u00fccklich von allen Inhalten aller gelinkten \/verkn\u00fcpften Seiten, die nach der Linksetzung ver\u00e4ndert wurden. Diese Feststellung gilt f\u00fcr alle innerhalb des eigenen Internetangebotes gesetzten Links und Verweise sowie f\u00fcr Fremdeintr\u00e4ge in vom Autor eingerichteten G\u00e4steb\u00fcchern, Diskussionsforen und Mailinglisten. F\u00fcr illegale, fehlerhafte oder unvollst\u00e4ndige Inhalte und insbesondere f\u00fcr Sch\u00e4den, die aus der Nutzung oder Nichtnutzung solcherart dargebotener Informationen entstehen, haftet allein der Anbieter der Seite, auf welche verwiesen wurde, nicht derjenige, der \u00fcber Links auf die jeweilige Ver\u00f6ffentlichung lediglich verweist.<\/p>\n<p><\/p>\n<p><strong>3. Urheber- und Kennzeichenrecht<\/strong><\/p>\n<p><\/p>\n<p>Der Autor ist bestrebt, in allen Publikationen die Urheberrechte der verwendeten Grafiken, Tondokumente, Videosequenzen und Texte zu beachten, von ihm selbst erstellte Grafiken, Tondokumente, Videosequenzen und Texte zu nutzen oder auf lizenzfreie Grafiken, Tondokumente, Videosequenzen und Texte zur\u00fcckzugreifen.<\/p>\n<p><\/p>\n<p>Alle innerhalb des Internetangebotes genannten und ggf. durch Dritte gesch\u00fctzten Marken- und Warenzeichen unterliegen uneingeschr\u00e4nkt den Bestimmungen des jeweils g\u00fcltigen Kennzeichenrechts und den Besitzrechten der jeweiligen eingetragenen Eigent\u00fcmer. Allein aufgrund der blo\u00dfen Nennung ist nicht der Schluss zu ziehen, dass Markenzeichen nicht durch Rechte Dritter gesch\u00fctzt sind! Das Copyright f\u00fcr ver\u00f6ffentlichte, vom Autor selbst erstellte Objekte bleibt allein beim Autor der Seiten. Eine Vervielf\u00e4ltigung oder Verwendung solcher Grafiken, Tondokumente, Videosequenzen und Texte in anderen elektronischen oder gedruckten Publikationen ist ohne ausdr\u00fcckliche Zustimmung des Autors nicht gestattet.<\/p>\n<p><\/p>\n<p><strong>4. Rechtswirksamkeit dieses Haftungsausschlusses<\/strong><\/p>\n<p><\/p>\n<p>Dieser Haftungsausschluss ist als Teil des Internetangebotes zu betrachten, von dem aus auf diese Seite verwiesen wurde. Sofern Teile oder einzelne Formulierungen dieses Textes der geltenden Rechtslage nicht, nicht mehr oder nicht vollst\u00e4ndig entsprechen sollten, bleiben die \u00fcbrigen Teile des Dokumentes in ihrem Inhalt und ihrer G\u00fcltigkeit davon unber\u00fchrt.<\/p>\n<p><\/p>\t\t\t\t\t\t\t\t<\/div>\n\t\t\t\t<\/div>\n\t\t\t\t\t<\/div>\n\t\t<\/div>\n\t\t\t\t\t<\/div>\n\t\t<\/section>\n\t\t\t\t<\/div>","protected":false},"excerpt":{"rendered":"<p>WEINLANDHOF GMBH Hotel Restaurant WeinlandhofUntere Hauptstrasse 15A-8462 Gamlitz Tel.: +43 3453 2584Fax: +43 3453 271510E-mail:\u00a0office@weinlandhof.at\u00a0Web:\u00a0www.weinlandhof.at INFORMATIONSPFLICHT LT. \u00a75 E-COMMERCE GESETZ Informationspflicht lt. \u00a7 5 Abs. 1 E-Commerce-Gesetz \u00a0 INHALT &amp; UMSETZUNG Fotos Stiefkind Fotografie \/\u00a0www.stiefkind.atThomas Wasle \/\u00a0www.thomas-wasle.atPeter Melbinger \/\u00a0www.melbinger.comWOCHE \/\u00a0www.woche.atStephan [&hellip;]<\/p>\n","protected":false},"author":3,"featured_media":14847,"parent":0,"menu_order":0,"comment_status":"closed","ping_status":"closed","template":"","meta":{"footnotes":""},"class_list":["post-14873","page","type-page","status-publish","has-post-thumbnail","hentry"],"yoast_head":"<!-- This site is optimized with the Yoast SEO plugin v27.4 - https:\/\/yoast.com\/product\/yoast-seo-wordpress\/ -->\n<title>Impressum - Weinlandhof<\/title>\n<meta name=\"robots\" content=\"index, follow, max-snippet:-1, max-image-preview:large, max-video-preview:-1\" \/>\n<link rel=\"canonical\" href=\"https:\/\/www.weinlandhof.at\/en\/impressum\/\" \/>\n<meta property=\"og:locale\" content=\"en_GB\" \/>\n<meta property=\"og:type\" content=\"article\" \/>\n<meta property=\"og:title\" content=\"Impressum - Weinlandhof\" \/>\n<meta property=\"og:description\" content=\"WEINLANDHOF GMBH Hotel Restaurant WeinlandhofUntere Hauptstrasse 15A-8462 Gamlitz Tel.: +43 3453 2584Fax: +43 3453 271510E-mail:\u00a0office@weinlandhof.at\u00a0Web:\u00a0www.weinlandhof.at INFORMATIONSPFLICHT LT. \u00a75 E-COMMERCE GESETZ Informationspflicht lt. \u00a7 5 Abs. 1 E-Commerce-Gesetz \u00a0 INHALT &amp; UMSETZUNG Fotos Stiefkind Fotografie \/\u00a0www.stiefkind.atThomas Wasle \/\u00a0www.thomas-wasle.atPeter Melbinger \/\u00a0www.melbinger.comWOCHE \/\u00a0www.woche.atStephan [&hellip;]\" \/>\n<meta property=\"og:url\" content=\"https:\/\/www.weinlandhof.at\/en\/impressum\/\" \/>\n<meta property=\"og:site_name\" content=\"Weinlandhof\" \/>\n<meta property=\"article:modified_time\" content=\"2025-09-05T08:43:57+00:00\" \/>\n<meta property=\"og:image\" content=\"https:\/\/www.weinlandhof.at\/wp-content\/uploads\/2023\/06\/Weinlandhof-21-Sommer-Badesee-Wildon-019_1200px.jpg\" \/>\n\t<meta property=\"og:image:width\" content=\"1200\" \/>\n\t<meta property=\"og:image:height\" content=\"800\" \/>\n\t<meta property=\"og:image:type\" content=\"image\/jpeg\" \/>\n<meta name=\"twitter:card\" content=\"summary_large_image\" \/>\n<meta name=\"twitter:label1\" content=\"Estimated reading time\" \/>\n\t<meta name=\"twitter:data1\" content=\"3 minutes\" \/>\n<script type=\"application\/ld+json\" class=\"yoast-schema-graph\">{\"@context\":\"https:\\\/\\\/schema.org\",\"@graph\":[{\"@type\":\"WebPage\",\"@id\":\"https:\\\/\\\/www.weinlandhof.at\\\/impressum\\\/\",\"url\":\"https:\\\/\\\/www.weinlandhof.at\\\/impressum\\\/\",\"name\":\"Impressum - Weinlandhof\",\"isPartOf\":{\"@id\":\"https:\\\/\\\/www.weinlandhof.at\\\/#website\"},\"primaryImageOfPage\":{\"@id\":\"https:\\\/\\\/www.weinlandhof.at\\\/impressum\\\/#primaryimage\"},\"image\":{\"@id\":\"https:\\\/\\\/www.weinlandhof.at\\\/impressum\\\/#primaryimage\"},\"thumbnailUrl\":\"https:\\\/\\\/www.weinlandhof.at\\\/wp-content\\\/uploads\\\/2023\\\/06\\\/Weinlandhof-21-Sommer-Badesee-Wildon-019_1200px.jpg\",\"datePublished\":\"2023-06-22T08:10:48+00:00\",\"dateModified\":\"2025-09-05T08:43:57+00:00\",\"breadcrumb\":{\"@id\":\"https:\\\/\\\/www.weinlandhof.at\\\/impressum\\\/#breadcrumb\"},\"inLanguage\":\"en-GB\",\"potentialAction\":[{\"@type\":\"ReadAction\",\"target\":[\"https:\\\/\\\/www.weinlandhof.at\\\/impressum\\\/\"]}]},{\"@type\":\"ImageObject\",\"inLanguage\":\"en-GB\",\"@id\":\"https:\\\/\\\/www.weinlandhof.at\\\/impressum\\\/#primaryimage\",\"url\":\"https:\\\/\\\/www.weinlandhof.at\\\/wp-content\\\/uploads\\\/2023\\\/06\\\/Weinlandhof-21-Sommer-Badesee-Wildon-019_1200px.jpg\",\"contentUrl\":\"https:\\\/\\\/www.weinlandhof.at\\\/wp-content\\\/uploads\\\/2023\\\/06\\\/Weinlandhof-21-Sommer-Badesee-Wildon-019_1200px.jpg\",\"width\":1200,\"height\":800,\"caption\":\"Badespa\u00df in der S\u00fcdsteiermark\"},{\"@type\":\"BreadcrumbList\",\"@id\":\"https:\\\/\\\/www.weinlandhof.at\\\/impressum\\\/#breadcrumb\",\"itemListElement\":[{\"@type\":\"ListItem\",\"position\":1,\"name\":\"Startseite\",\"item\":\"https:\\\/\\\/www.weinlandhof.at\\\/\"},{\"@type\":\"ListItem\",\"position\":2,\"name\":\"Impressum\"}]},{\"@type\":\"WebSite\",\"@id\":\"https:\\\/\\\/www.weinlandhof.at\\\/#website\",\"url\":\"https:\\\/\\\/www.weinlandhof.at\\\/\",\"name\":\"Weinlandhof\",\"description\":\"Hotel, Restaurant &amp; Seminarzentrum in Gamlitz\",\"potentialAction\":[{\"@type\":\"SearchAction\",\"target\":{\"@type\":\"EntryPoint\",\"urlTemplate\":\"https:\\\/\\\/www.weinlandhof.at\\\/?s={search_term_string}\"},\"query-input\":{\"@type\":\"PropertyValueSpecification\",\"valueRequired\":true,\"valueName\":\"search_term_string\"}}],\"inLanguage\":\"en-GB\"}]}<\/script>\n<!-- \/ Yoast SEO plugin. -->","yoast_head_json":{"title":"Impressum - Weinlandhof","robots":{"index":"index","follow":"follow","max-snippet":"max-snippet:-1","max-image-preview":"max-image-preview:large","max-video-preview":"max-video-preview:-1"},"canonical":"https:\/\/www.weinlandhof.at\/en\/impressum\/","og_locale":"en_GB","og_type":"article","og_title":"Impressum - Weinlandhof","og_description":"WEINLANDHOF GMBH Hotel Restaurant WeinlandhofUntere Hauptstrasse 15A-8462 Gamlitz Tel.: +43 3453 2584Fax: +43 3453 271510E-mail:\u00a0office@weinlandhof.at\u00a0Web:\u00a0www.weinlandhof.at INFORMATIONSPFLICHT LT. \u00a75 E-COMMERCE GESETZ Informationspflicht lt. \u00a7 5 Abs. 1 E-Commerce-Gesetz \u00a0 INHALT &amp; UMSETZUNG Fotos Stiefkind Fotografie \/\u00a0www.stiefkind.atThomas Wasle \/\u00a0www.thomas-wasle.atPeter Melbinger \/\u00a0www.melbinger.comWOCHE \/\u00a0www.woche.atStephan [&hellip;]","og_url":"https:\/\/www.weinlandhof.at\/en\/impressum\/","og_site_name":"Weinlandhof","article_modified_time":"2025-09-05T08:43:57+00:00","og_image":[{"width":1200,"height":800,"url":"https:\/\/www.weinlandhof.at\/wp-content\/uploads\/2023\/06\/Weinlandhof-21-Sommer-Badesee-Wildon-019_1200px.jpg","type":"image\/jpeg"}],"twitter_card":"summary_large_image","twitter_misc":{"Estimated reading time":"3 minutes"},"schema":{"@context":"https:\/\/schema.org","@graph":[{"@type":"WebPage","@id":"https:\/\/www.weinlandhof.at\/impressum\/","url":"https:\/\/www.weinlandhof.at\/impressum\/","name":"Impressum - Weinlandhof","isPartOf":{"@id":"https:\/\/www.weinlandhof.at\/#website"},"primaryImageOfPage":{"@id":"https:\/\/www.weinlandhof.at\/impressum\/#primaryimage"},"image":{"@id":"https:\/\/www.weinlandhof.at\/impressum\/#primaryimage"},"thumbnailUrl":"https:\/\/www.weinlandhof.at\/wp-content\/uploads\/2023\/06\/Weinlandhof-21-Sommer-Badesee-Wildon-019_1200px.jpg","datePublished":"2023-06-22T08:10:48+00:00","dateModified":"2025-09-05T08:43:57+00:00","breadcrumb":{"@id":"https:\/\/www.weinlandhof.at\/impressum\/#breadcrumb"},"inLanguage":"en-GB","potentialAction":[{"@type":"ReadAction","target":["https:\/\/www.weinlandhof.at\/impressum\/"]}]},{"@type":"ImageObject","inLanguage":"en-GB","@id":"https:\/\/www.weinlandhof.at\/impressum\/#primaryimage","url":"https:\/\/www.weinlandhof.at\/wp-content\/uploads\/2023\/06\/Weinlandhof-21-Sommer-Badesee-Wildon-019_1200px.jpg","contentUrl":"https:\/\/www.weinlandhof.at\/wp-content\/uploads\/2023\/06\/Weinlandhof-21-Sommer-Badesee-Wildon-019_1200px.jpg","width":1200,"height":800,"caption":"Badespa\u00df in der S\u00fcdsteiermark"},{"@type":"BreadcrumbList","@id":"https:\/\/www.weinlandhof.at\/impressum\/#breadcrumb","itemListElement":[{"@type":"ListItem","position":1,"name":"Startseite","item":"https:\/\/www.weinlandhof.at\/"},{"@type":"ListItem","position":2,"name":"Impressum"}]},{"@type":"WebSite","@id":"https:\/\/www.weinlandhof.at\/#website","url":"https:\/\/www.weinlandhof.at\/","name":"Weinlandhof","description":"Hotel, Restaurant &amp; Seminarzentrum in Gamlitz","potentialAction":[{"@type":"SearchAction","target":{"@type":"EntryPoint","urlTemplate":"https:\/\/www.weinlandhof.at\/?s={search_term_string}"},"query-input":{"@type":"PropertyValueSpecification","valueRequired":true,"valueName":"search_term_string"}}],"inLanguage":"en-GB"}]}},"_links":{"self":[{"href":"https:\/\/www.weinlandhof.at\/en\/wp-json\/wp\/v2\/pages\/14873","targetHints":{"allow":["GET"]}}],"collection":[{"href":"https:\/\/www.weinlandhof.at\/en\/wp-json\/wp\/v2\/pages"}],"about":[{"href":"https:\/\/www.weinlandhof.at\/en\/wp-json\/wp\/v2\/types\/page"}],"author":[{"embeddable":true,"href":"https:\/\/www.weinlandhof.at\/en\/wp-json\/wp\/v2\/users\/3"}],"replies":[{"embeddable":true,"href":"https:\/\/www.weinlandhof.at\/en\/wp-json\/wp\/v2\/comments?post=14873"}],"version-history":[{"count":7,"href":"https:\/\/www.weinlandhof.at\/en\/wp-json\/wp\/v2\/pages\/14873\/revisions"}],"predecessor-version":[{"id":19066,"href":"https:\/\/www.weinlandhof.at\/en\/wp-json\/wp\/v2\/pages\/14873\/revisions\/19066"}],"wp:featuredmedia":[{"embeddable":true,"href":"https:\/\/www.weinlandhof.at\/en\/wp-json\/wp\/v2\/media\/14847"}],"wp:attachment":[{"href":"https:\/\/www.weinlandhof.at\/en\/wp-json\/wp\/v2\/media?parent=14873"}],"curies":[{"name":"wp","href":"https:\/\/api.w.org\/{rel}","templated":true}]}}