{"id":14863,"date":"2023-06-22T10:00:09","date_gmt":"2023-06-22T08:00:09","guid":{"rendered":"https:\/\/www.weinlandhof.at\/?page_id=14863"},"modified":"2023-07-04T16:01:00","modified_gmt":"2023-07-04T14:01:00","slug":"datenschutz","status":"publish","type":"page","link":"https:\/\/www.weinlandhof.at\/en\/datenschutz\/","title":{"rendered":"Datenschutzerkl\u00e4rung"},"content":{"rendered":"<h3 class=\"wp-block-heading\">DATENSCHUTZERKL\u00c4RUNG<\/h3>\n\n\n\n<p>Das Hotel Restaurant Weinlandhof, Untere Hauptstra\u00dfe 15, A-8462 Gamlitz, erhebt, verarbeitet und nutzt personenbezogene Daten von Kunden nur mit deren Einwilligung zu den vereinbarten Zwecken oder wenn eine sonstige rechtliche Grundlage im Einklang mit der DSGVO vorliegt; dies unter Einhaltung der datenschutz- und zivilrechtlichen Bestimmungen.<br>Es werden nur solche personenbezogenen Daten erhoben, die f\u00fcr die Durchf\u00fchrung und Abwicklung unserer Leistungen erforderlich sind oder die der Kunde uns freiwillig zur Verf\u00fcgung stellte.<br>Das Hotel Restaurant Weinlandhof verarbeitet folgende Daten:<\/p>\n\n\n\n<ul class=\"wp-block-list\">\n<li>Firma bzw. Anrede, Vorname, Nachname<\/li>\n\n\n\n<li>Firmenbuchnummer bzw. Geburtstag<\/li>\n\n\n\n<li>Address<\/li>\n\n\n\n<li>Kontaktdaten (Ansprechpartner, E-Mail-Adresse, Telefonnummer)<\/li>\n\n\n\n<li>Bankdaten<\/li>\n\n\n\n<li>IP-Adressen<\/li>\n\n\n\n<li>Zugangsdaten (Webspace, Datenbanken, Mailverwaltung etc.)<\/li>\n\n\n\n<li>Support-Anfragen<\/li>\n\n\n\n<li>sonstige freiwillig zur Verf\u00fcgung gestellte Daten<\/li>\n<\/ul>\n\n\n\n<p><strong>Verarbeitung von Daten<\/strong><br>Die oben angef\u00fchrten Daten verarbeitet das Hotel Restaurant Weinlandhof ausschlie\u00dflich daf\u00fcr, um unsere Organisation und die Gesch\u00e4ftsbeziehung mit unseren G\u00e4sten bzw. Kunden entsprechend festzuhalten und nachzuvollziehen. Hierf\u00fcr werden die Daten von Kunden bzw. der G\u00e4ste nur in dem Umfang verarbeitet und an Dritte weitergegeben, als dies zur Umsetzung der beauftragten Leistungen erforderlich ist. Die angef\u00fchrten Daten werden weiters zur Versendung von Newslettern verwendet.<\/p>\n\n\n\n<p><strong>L\u00f6schung von Daten<\/strong><br>Das Hotel Restaurant Weinlandhof l\u00f6scht die von G\u00e4sten\/Kunden bereitgestellten Daten und sonstigen personenbezogenen Daten nach Beendigung des Auftragsverh\u00e4ltnisses und nach Ablauf aller gesetzlichen Aufbewahrungspflichten, sofern diese Daten nicht noch zur Geltendmachung oder Verteidigung von Rechtsanspr\u00fcchen ben\u00f6tigt werden.<\/p>\n\n\n\n<p><strong>Cookies und Webanalysedienste<\/strong><br>Das Hotel Restaurant Weinlandhof verwendet sogenannte Cookies. Cookies sind Textdateien, die auf dem Client-Rechner abgelegt werden und die der Browser speichert. Sie dienen dazu, das Angebot nutzerfreundlicher, effektiver und sicherer zu machen. Des Weiteren erm\u00f6glichen uns Cookies, den Browser zu erkennen und entsprechende Services anzubieten. Cookies enthalten keine personenbezogenen Daten. Sie k\u00f6nnen Ihren Browser so einrichten, dass er Sie \u00fcber das Setzen von Cookies informiert und Sie dies nur im Einzelfall erlauben. Sie k\u00f6nnen die Speicherung der Cookies durch eine entsprechende Einstellung Ihrer Browser-Software verhindern; wir weisen Sie jedoch darauf hin, dass Sie in diesem Fall gegebenenfalls nicht s\u00e4mtliche Funktionen dieser Website vollumf\u00e4nglich nutzen k\u00f6nnen. Bei der Deaktivierung von Cookies kann die Funktionalit\u00e4t unserer Website eingeschr\u00e4nkt sein. Das Hotel Restaurant Weinlandhof nutzt tempor\u00e4re Sitzungs-Cookies, permanente Cookies und Tracking Cookies.<\/p>\n\n\n\n<p>Das Hotel Restaurant Weinlandhof nutzt den Webanalysedienst Google Analytics von Google Inc..<\/p>\n\n\n\n<p><strong>Google Analytics<\/strong><br>Google Analytics setzt Cookies ein. Die Cookies erzeugen Informationen, die an einen Google-Server \u00fcbertragen werden. Diese Server befinden sich in der Regel in den USA, folgen aber Abkommen zur Nutzung des europ\u00e4ischen Wirtschaftsraumes und k\u00fcrzen Ihre IP-Adresse vor \u00dcbermittlung in die Vereinigten Staaten. Google wertet die \u00fcbermittelten Informationen aus und erbringt in diesem Kontext weitere Dienstleistungen f\u00fcr uns als Webseitenbetreiber. Dabei wird die ermittelte IP-Adresse nicht mit anderen Google-Services zusammengef\u00fchrt.<br>Erfahren Sie mehr zu den Datenschutzbedingungen von Google und Google Analytics unter:&nbsp;<a href=\"http:\/\/www.google.com\/analytics\/terms\/de.html\" target=\"_blank\" rel=\"noreferrer noopener\">http:\/\/www.google.com\/analytics\/terms\/de.html<\/a>&nbsp;oder unter&nbsp;<a href=\"https:\/\/www.google.de\/intl\/de\/policies\/\" target=\"_blank\" rel=\"noreferrer noopener\">https:\/\/www.google.de\/intl\/de\/policies\/<\/a>.<br>Sie k\u00f6nnen die Erfassung der durch das Cookie erzeugten und auf Ihre Nutzung der Website bezogenen Daten an Google sowie die Verarbeitung dieser Daten durch Google verhindern, indem Sie das unter dem folgenden Link verf\u00fcgbare Browser-Plugin herunterladen und installieren:&nbsp;<a href=\"https:\/\/tools.google.com\/dlpage\/gaoptout?hl=de\" target=\"_blank\" rel=\"noreferrer noopener\">https:\/\/tools.google.com\/dlpage\/gaoptout?hl=de<\/a><\/p>\n\n\n\n<p><strong>Verwendung von Facebook Social Plugins<\/strong><br>Diese Website verwendet Social Plugins des sozialen Netzwerkes facebook.com, welches von der Facebook Inc., 1601 S. California Ave, Palo Alto, CA 94304, USA betrieben wird (\u201eFacebook\u201c).<\/p>\n\n\n\n<p>Die Plugins sind mit einem Facebook Logo oder dem Zusatz \u201eFacebook Social Plugin\u201c gekennzeichnet. Wenn Sie eine Website besuchen, die ein solches Plugin enth\u00e4lt, baut Ihr Browser eine direkte Verbindung mit den Servern von facebook auf. Informationen \u00fcber die Ben\u00fctzung dieser Website (einschlie\u00dflich Ihrer IP Adresse) werden an Facebook \u00fcbertragen und dort gespeichert. Sind Sie bei Facebook eingeloggt, kann Facebook den Besuch Ihrem Facebook-Konto zuordnen.<\/p>\n\n\n\n<p>Zweck und Umfang der Datenerhebung und die weitere Verarbeitung und Nutzung der Daten durch Facebook sowie Ihre diesbez\u00fcglichen Rechte und Einstellungsm\u00f6glichkeiten zum Schutz Ihrer Privatsph\u00e4re entnehmen Sie bitte den Datenschutzhinweisen von Facebook. Wenn Sie nicht m\u00f6chten, dass Facebook \u00fcber diesen Internetauftritt Daten \u00fcber Sie sammelt, m\u00fcssen Sie sich vor Ihrem Besuch der Website bei Facebook ausloggen.<br>G\u00e4ste\/Kunden k\u00f6nnen folgende Rechte im Hinblick auf die Verarbeitung ihrer Daten geltend machen:<\/p>\n\n\n\n<p><strong>Auskunftsrecht<\/strong><br>Kunden k\u00f6nnen eine Best\u00e4tigung dar\u00fcber verlangen, ob und in welchem Ausma\u00df Daten verarbeitet werden.<\/p>\n\n\n\n<p><strong>Recht auf L\u00f6schung<\/strong><br>Kunden k\u00f6nnen die L\u00f6schung ihrer personenbezogenen Daten verlangen, sofern diese unrechtm\u00e4\u00dfig verarbeitet werden oder die Verarbeitung unverh\u00e4ltnism\u00e4\u00dfig in ihre berechtigten Schutzinteressen eingreift. Gesetzliche Aufbewahrungspflichten und andere Gr\u00fcnde k\u00f6nnen einer sofortigen L\u00f6schung entgegenstehen.<\/p>\n\n\n\n<p><strong>Recht auf Berichtigung<\/strong><br>Werden personenbezogene Daten verarbeitet, die unvollst\u00e4ndig oder unrichtig sind, k\u00f6nnen G\u00e4ste\/Kunden jederzeit deren Berichtigung bzw. deren Vervollst\u00e4ndigung verlangen.<\/p>\n\n\n\n<p><strong>Recht auf Einschr\u00e4nkung der Verarbeitung<\/strong><br>G\u00e4ste\/Kunden k\u00f6nnen die Einschr\u00e4nkung der Verarbeitung ihrer Daten verlangen, wenn<\/p>\n\n\n\n<ul class=\"wp-block-list\">\n<li>die Richtigkeit der Daten bestritten wird, f\u00fcr die Dauer der \u00dcberpr\u00fcfung der Richtigkeit,<\/li>\n\n\n\n<li>die Verarbeitung der Daten unrechtm\u00e4\u00dfig ist, sie jedoch anstelle der L\u00f6schung die Einschr\u00e4nkung der Datennutzung verlangen,<\/li>\n\n\n\n<li>die Daten f\u00fcr den vorgesehenen Zweck nicht mehr ben\u00f6tigt werden, diese Daten jedoch noch zur Geltendmachung oder Verteidigung von Rechtsanspr\u00fcchen ben\u00f6tigt werden, oder<\/li>\n\n\n\n<li>Widerspruch gegen die Verarbeitung der Daten eingelegt wurde.<\/li>\n<\/ul>\n\n\n\n<p><strong>Recht auf Daten\u00fcbertragbarkeit<\/strong><br>G\u00e4ste\/Kunden k\u00f6nnen die Zurverf\u00fcgungstellung ihrer Daten, in einem strukturierten, g\u00e4ngigen und maschinenlesbaren Format verlangen, sofern diese Daten aufgrund einer erteilten und widerrufbaren Zustimmung oder zur Erf\u00fcllung eines Vertrages verarbeitet werden und diese Verarbeitung in einem automatisiertem Verfahren erfolgt.<\/p>\n\n\n\n<p><strong>Widerspruchsrecht<\/strong><br>G\u00e4ste\/Kunden k\u00f6nnen gegen die Datenverarbeitung Widerspruch einlegen.<\/p>\n\n\n\n<p><strong>Beschwerderecht<\/strong><br>Sollte die Verarbeitung der Daten gegen das Datenschutzrecht versto\u00dfen, ersucht die Sunlime Web Innovations GmbH um direkte Kontaktaufnahme, um den Sachverhalt aufzukl\u00e4ren. Kunden sind berechtigt, sich bei der \u00f6sterreichischen Datenschutzbeh\u00f6rde zu beschweren.<\/p>\n\n\n\n<p><strong>Geltendmachung der Rechte<\/strong><br>Die Geltendmachung der angef\u00fchrten Rechte erfolgt an:<\/p>\n\n\n\n<p>Hotel Restaurant Weinlandhof<br>Untere Hauptstrasse 15<br>A-8462 Gamlitz<\/p>\n\n\n\n<p>Tel.: +43 3453 2584<br>Fax: +43 3453 271510<br>E-mail: office@weinlandhof.at<\/p>\n\n\n\n<p>Datenschutzerkl\u00e4rung Stand 23.05.2018<\/p>","protected":false},"excerpt":{"rendered":"<p>DATENSCHUTZERKL\u00c4RUNG Das Hotel Restaurant Weinlandhof, Untere Hauptstra\u00dfe 15, A-8462 Gamlitz, erhebt, verarbeitet und nutzt personenbezogene Daten von Kunden nur mit deren Einwilligung zu den vereinbarten Zwecken oder wenn eine sonstige rechtliche Grundlage im Einklang mit der DSGVO vorliegt; dies unter [&hellip;]<\/p>\n","protected":false},"author":3,"featured_media":14847,"parent":0,"menu_order":0,"comment_status":"closed","ping_status":"closed","template":"","meta":{"footnotes":""},"class_list":["post-14863","page","type-page","status-publish","has-post-thumbnail","hentry"],"yoast_head":"<!-- This site is optimized with the Yoast SEO plugin v27.4 - https:\/\/yoast.com\/product\/yoast-seo-wordpress\/ -->\n<title>Datenschutzerkl\u00e4rung | Hotel Restaurant Weinlandhof<\/title>\n<meta name=\"description\" content=\"Ihre Privatsph\u00e4re ist uns wichtig. Hier finden Sie unsere Datenschutzerkl\u00e4rung. Wir freuen uns auf Ihren Besuch bei uns!\" \/>\n<meta name=\"robots\" content=\"index, follow, max-snippet:-1, max-image-preview:large, max-video-preview:-1\" \/>\n<link rel=\"canonical\" href=\"https:\/\/www.weinlandhof.at\/en\/datenschutz\/\" \/>\n<meta property=\"og:locale\" content=\"en_GB\" \/>\n<meta property=\"og:type\" content=\"article\" \/>\n<meta property=\"og:title\" content=\"Datenschutzerkl\u00e4rung | Hotel Restaurant Weinlandhof\" \/>\n<meta property=\"og:description\" content=\"Ihre Privatsph\u00e4re ist uns wichtig. Hier finden Sie unsere Datenschutzerkl\u00e4rung. Wir freuen uns auf Ihren Besuch bei uns!\" \/>\n<meta property=\"og:url\" content=\"https:\/\/www.weinlandhof.at\/en\/datenschutz\/\" \/>\n<meta property=\"og:site_name\" content=\"Weinlandhof\" \/>\n<meta property=\"article:modified_time\" content=\"2023-07-04T14:01:00+00:00\" \/>\n<meta property=\"og:image\" content=\"https:\/\/www.weinlandhof.at\/wp-content\/uploads\/2023\/06\/Weinlandhof-21-Sommer-Badesee-Wildon-019_1200px.jpg\" \/>\n\t<meta property=\"og:image:width\" content=\"1200\" \/>\n\t<meta property=\"og:image:height\" content=\"800\" \/>\n\t<meta property=\"og:image:type\" content=\"image\/jpeg\" \/>\n<meta name=\"twitter:card\" content=\"summary_large_image\" \/>\n<meta name=\"twitter:label1\" content=\"Estimated reading time\" \/>\n\t<meta name=\"twitter:data1\" content=\"6 minutes\" \/>\n<script type=\"application\/ld+json\" class=\"yoast-schema-graph\">{\"@context\":\"https:\\\/\\\/schema.org\",\"@graph\":[{\"@type\":\"WebPage\",\"@id\":\"https:\\\/\\\/www.weinlandhof.at\\\/datenschutz\\\/\",\"url\":\"https:\\\/\\\/www.weinlandhof.at\\\/datenschutz\\\/\",\"name\":\"Datenschutzerkl\u00e4rung | Hotel Restaurant Weinlandhof\",\"isPartOf\":{\"@id\":\"https:\\\/\\\/www.weinlandhof.at\\\/#website\"},\"primaryImageOfPage\":{\"@id\":\"https:\\\/\\\/www.weinlandhof.at\\\/datenschutz\\\/#primaryimage\"},\"image\":{\"@id\":\"https:\\\/\\\/www.weinlandhof.at\\\/datenschutz\\\/#primaryimage\"},\"thumbnailUrl\":\"https:\\\/\\\/www.weinlandhof.at\\\/wp-content\\\/uploads\\\/2023\\\/06\\\/Weinlandhof-21-Sommer-Badesee-Wildon-019_1200px.jpg\",\"datePublished\":\"2023-06-22T08:00:09+00:00\",\"dateModified\":\"2023-07-04T14:01:00+00:00\",\"description\":\"Ihre Privatsph\u00e4re ist uns wichtig. Hier finden Sie unsere Datenschutzerkl\u00e4rung. Wir freuen uns auf Ihren Besuch bei uns!\",\"breadcrumb\":{\"@id\":\"https:\\\/\\\/www.weinlandhof.at\\\/datenschutz\\\/#breadcrumb\"},\"inLanguage\":\"en-GB\",\"potentialAction\":[{\"@type\":\"ReadAction\",\"target\":[\"https:\\\/\\\/www.weinlandhof.at\\\/datenschutz\\\/\"]}]},{\"@type\":\"ImageObject\",\"inLanguage\":\"en-GB\",\"@id\":\"https:\\\/\\\/www.weinlandhof.at\\\/datenschutz\\\/#primaryimage\",\"url\":\"https:\\\/\\\/www.weinlandhof.at\\\/wp-content\\\/uploads\\\/2023\\\/06\\\/Weinlandhof-21-Sommer-Badesee-Wildon-019_1200px.jpg\",\"contentUrl\":\"https:\\\/\\\/www.weinlandhof.at\\\/wp-content\\\/uploads\\\/2023\\\/06\\\/Weinlandhof-21-Sommer-Badesee-Wildon-019_1200px.jpg\",\"width\":1200,\"height\":800,\"caption\":\"Badespa\u00df in der S\u00fcdsteiermark\"},{\"@type\":\"BreadcrumbList\",\"@id\":\"https:\\\/\\\/www.weinlandhof.at\\\/datenschutz\\\/#breadcrumb\",\"itemListElement\":[{\"@type\":\"ListItem\",\"position\":1,\"name\":\"Startseite\",\"item\":\"https:\\\/\\\/www.weinlandhof.at\\\/\"},{\"@type\":\"ListItem\",\"position\":2,\"name\":\"Datenschutzerkl\u00e4rung\"}]},{\"@type\":\"WebSite\",\"@id\":\"https:\\\/\\\/www.weinlandhof.at\\\/#website\",\"url\":\"https:\\\/\\\/www.weinlandhof.at\\\/\",\"name\":\"Weinlandhof\",\"description\":\"Hotel, Restaurant &amp; Seminarzentrum in Gamlitz\",\"potentialAction\":[{\"@type\":\"SearchAction\",\"target\":{\"@type\":\"EntryPoint\",\"urlTemplate\":\"https:\\\/\\\/www.weinlandhof.at\\\/?s={search_term_string}\"},\"query-input\":{\"@type\":\"PropertyValueSpecification\",\"valueRequired\":true,\"valueName\":\"search_term_string\"}}],\"inLanguage\":\"en-GB\"}]}<\/script>\n<!-- \/ Yoast SEO plugin. -->","yoast_head_json":{"title":"Datenschutzerkl\u00e4rung | Hotel Restaurant Weinlandhof","description":"Ihre Privatsph\u00e4re ist uns wichtig. Hier finden Sie unsere Datenschutzerkl\u00e4rung. Wir freuen uns auf Ihren Besuch bei uns!","robots":{"index":"index","follow":"follow","max-snippet":"max-snippet:-1","max-image-preview":"max-image-preview:large","max-video-preview":"max-video-preview:-1"},"canonical":"https:\/\/www.weinlandhof.at\/en\/datenschutz\/","og_locale":"en_GB","og_type":"article","og_title":"Datenschutzerkl\u00e4rung | Hotel Restaurant Weinlandhof","og_description":"Ihre Privatsph\u00e4re ist uns wichtig. Hier finden Sie unsere Datenschutzerkl\u00e4rung. Wir freuen uns auf Ihren Besuch bei uns!","og_url":"https:\/\/www.weinlandhof.at\/en\/datenschutz\/","og_site_name":"Weinlandhof","article_modified_time":"2023-07-04T14:01:00+00:00","og_image":[{"width":1200,"height":800,"url":"https:\/\/www.weinlandhof.at\/wp-content\/uploads\/2023\/06\/Weinlandhof-21-Sommer-Badesee-Wildon-019_1200px.jpg","type":"image\/jpeg"}],"twitter_card":"summary_large_image","twitter_misc":{"Estimated reading time":"6 minutes"},"schema":{"@context":"https:\/\/schema.org","@graph":[{"@type":"WebPage","@id":"https:\/\/www.weinlandhof.at\/datenschutz\/","url":"https:\/\/www.weinlandhof.at\/datenschutz\/","name":"Datenschutzerkl\u00e4rung | Hotel Restaurant Weinlandhof","isPartOf":{"@id":"https:\/\/www.weinlandhof.at\/#website"},"primaryImageOfPage":{"@id":"https:\/\/www.weinlandhof.at\/datenschutz\/#primaryimage"},"image":{"@id":"https:\/\/www.weinlandhof.at\/datenschutz\/#primaryimage"},"thumbnailUrl":"https:\/\/www.weinlandhof.at\/wp-content\/uploads\/2023\/06\/Weinlandhof-21-Sommer-Badesee-Wildon-019_1200px.jpg","datePublished":"2023-06-22T08:00:09+00:00","dateModified":"2023-07-04T14:01:00+00:00","description":"Ihre Privatsph\u00e4re ist uns wichtig. Hier finden Sie unsere Datenschutzerkl\u00e4rung. Wir freuen uns auf Ihren Besuch bei uns!","breadcrumb":{"@id":"https:\/\/www.weinlandhof.at\/datenschutz\/#breadcrumb"},"inLanguage":"en-GB","potentialAction":[{"@type":"ReadAction","target":["https:\/\/www.weinlandhof.at\/datenschutz\/"]}]},{"@type":"ImageObject","inLanguage":"en-GB","@id":"https:\/\/www.weinlandhof.at\/datenschutz\/#primaryimage","url":"https:\/\/www.weinlandhof.at\/wp-content\/uploads\/2023\/06\/Weinlandhof-21-Sommer-Badesee-Wildon-019_1200px.jpg","contentUrl":"https:\/\/www.weinlandhof.at\/wp-content\/uploads\/2023\/06\/Weinlandhof-21-Sommer-Badesee-Wildon-019_1200px.jpg","width":1200,"height":800,"caption":"Badespa\u00df in der S\u00fcdsteiermark"},{"@type":"BreadcrumbList","@id":"https:\/\/www.weinlandhof.at\/datenschutz\/#breadcrumb","itemListElement":[{"@type":"ListItem","position":1,"name":"Startseite","item":"https:\/\/www.weinlandhof.at\/"},{"@type":"ListItem","position":2,"name":"Datenschutzerkl\u00e4rung"}]},{"@type":"WebSite","@id":"https:\/\/www.weinlandhof.at\/#website","url":"https:\/\/www.weinlandhof.at\/","name":"Weinlandhof","description":"Hotel, Restaurant &amp; Seminarzentrum in Gamlitz","potentialAction":[{"@type":"SearchAction","target":{"@type":"EntryPoint","urlTemplate":"https:\/\/www.weinlandhof.at\/?s={search_term_string}"},"query-input":{"@type":"PropertyValueSpecification","valueRequired":true,"valueName":"search_term_string"}}],"inLanguage":"en-GB"}]}},"_links":{"self":[{"href":"https:\/\/www.weinlandhof.at\/en\/wp-json\/wp\/v2\/pages\/14863","targetHints":{"allow":["GET"]}}],"collection":[{"href":"https:\/\/www.weinlandhof.at\/en\/wp-json\/wp\/v2\/pages"}],"about":[{"href":"https:\/\/www.weinlandhof.at\/en\/wp-json\/wp\/v2\/types\/page"}],"author":[{"embeddable":true,"href":"https:\/\/www.weinlandhof.at\/en\/wp-json\/wp\/v2\/users\/3"}],"replies":[{"embeddable":true,"href":"https:\/\/www.weinlandhof.at\/en\/wp-json\/wp\/v2\/comments?post=14863"}],"version-history":[{"count":2,"href":"https:\/\/www.weinlandhof.at\/en\/wp-json\/wp\/v2\/pages\/14863\/revisions"}],"predecessor-version":[{"id":14866,"href":"https:\/\/www.weinlandhof.at\/en\/wp-json\/wp\/v2\/pages\/14863\/revisions\/14866"}],"wp:featuredmedia":[{"embeddable":true,"href":"https:\/\/www.weinlandhof.at\/en\/wp-json\/wp\/v2\/media\/14847"}],"wp:attachment":[{"href":"https:\/\/www.weinlandhof.at\/en\/wp-json\/wp\/v2\/media?parent=14863"}],"curies":[{"name":"wp","href":"https:\/\/api.w.org\/{rel}","templated":true}]}}